{"id":2971,"date":"2025-03-12T09:10:50","date_gmt":"2025-03-12T07:10:50","guid":{"rendered":"https:\/\/pathologosthermi.gr\/datenschutz-und-cookie-richtlinie\/"},"modified":"2026-03-02T14:33:27","modified_gmt":"2026-03-02T12:33:27","slug":"datenschutz-und-cookie-richtlinie","status":"publish","type":"page","link":"https:\/\/pathologosthermi.gr\/de\/datenschutz-und-cookie-richtlinie\/","title":{"rendered":"Datenschutz- und Cookie-Richtlinie"},"content":{"rendered":"\n<h2 class=\"wp-block-heading has-xxxl-font-size\">Datenschutzrichtlinie<\/h2>\n\n<h2 class=\"wp-block-heading\" style=\"font-size:35px\">Sicherheit personenbezogener Daten<\/h2>\n\n<p>Der Schutz der personenbezogenen Daten der Besucher der Website pathologosthermi.gr ist uns \u00e4u\u00dferst wichtig. Diese Datenschutzerkl\u00e4rung erl\u00e4utert, welche personenbezogenen Daten wir \u00fcber diese Website von Ihnen erheben und wie diese verwendet werden. Anagnostou Xanthi speichert Ihre personenbezogenen Daten gem\u00e4\u00df den geltenden Datenschutzbestimmungen auf einem sicheren zentralen Server. In Anwendung des Gesetzes 2472\/1997 \u201ezum Schutz nat\u00fcrlicher Personen bei der Verarbeitung personenbezogener Daten\u201c in seiner jeweils g\u00fcltigen Fassung sowie in \u00dcbereinstimmung mit der EU-Verordnung 2016\/679 und der Richtlinie 2016\/680 zur Datenschutz-Grundverordnung (DSGVO) werden die personenbezogenen Daten aller Besucher, die uns im Rahmen des Informationsaustauschs bekannt werden, von unserem Unternehmen in einer Datendatei gespeichert und nicht nach Griechenland oder ins Ausland weitergegeben, es sei denn, die Weitergabe ist gesetzlich vorgeschrieben. Besucher unter 16 Jahren ben\u00f6tigen die Einwilligung ihrer Eltern, bevor sie die Dienste der Website nutzen.<\/p>\n\n<h2 class=\"wp-block-heading\" style=\"font-size:35px\">Informationen und Kontaktm\u00f6glichkeiten<\/h2>\n\n<p>Diese Website geh\u00f6rt der Firma Anagnostou Xanthi mit Sitz in Thessaloniki, Ap. Kouyami Stra\u00dfe 55-53, Stadtteil Thermi. Anagnostou Xanthi ist auch Verantwortliche f\u00fcr die Verarbeitung der personenbezogenen Daten. Ansprechpartnerin f\u00fcr Fragen des Datenschutzes ist Anagnostou Xanthi (Telefon: +30 <a href=\"tel:6980509000\">6980 509 000<\/a> | E-Mail: info@pathologosthermi.gr).  <\/p>\n\n<p>Bei Fragen oder Bedenken hinsichtlich der Erhebung und Verwendung Ihrer personenbezogenen Daten oder dieser Datenschutzerkl\u00e4rung k\u00f6nnen Sie sich jederzeit an uns wenden. Auch zur Aus\u00fcbung Ihrer Rechte gem\u00e4\u00df den geltenden Datenschutzbestimmungen erreichen Sie uns per E-Mail unter info@pathologosthermi.gr. <\/p>\n\n<h2 class=\"wp-block-heading has-xxl-font-size\">Pers\u00f6nliche Daten, die von Besuchern w\u00e4hrend ihrer Kommunikation \u00fcber die Website erhoben werden<\/h2>\n\n<p>Wie alle Unternehmen mit Online-Pr\u00e4senz erhebt auch pathologosthermi.gr anonyme Daten, um die Website optimal zu betreiben. So k\u00f6nnen wir die Website effizienter gestalten und Ihnen das bestm\u00f6gliche Surferlebnis sowie die gesuchten Informationen w\u00e4hrend Ihres Besuchs bieten. Einige dieser Daten stellen Sie uns direkt zur Verf\u00fcgung, beispielsweise bei der Erstellung eines pers\u00f6nlichen Kontos durch Ausf\u00fcllen eines entsprechenden Formulars, beim Kommentieren oder bei der Kontaktaufnahme bez\u00fcglich Unternehmensfragen, Support oder Informationen. Mit Ihrer Einwilligung haben wir Zugriff auf spezifische Daten \u00fcber Sie und erfassen Ihre Interaktionen mit der Website. Mithilfe von Technologien wie Cookies k\u00f6nnen wir beispielsweise Ihre IP-Adresse, Browserinformationen und die w\u00e4hrend Ihres Besuchs verwendeten Links erfassen. Dar\u00fcber hinaus nutzen wir Google Analytics (GA) zur \u00dcberwachung der Nutzeraktivit\u00e4ten. Wir verwenden die erhobenen Daten, um die Anzahl der Website-Besucher zu ermitteln, deren Navigation auf der Website besser zu verstehen und ihren Weg durch die Seiten nachzuvollziehen. Obwohl Google Analytics Daten wie Ihren geografischen Standort, Ihr Ger\u00e4t, Ihren Webbrowser und Ihr Betriebssystem erfasst, bleiben diese Informationen anonym und lassen uns keine R\u00fcckschl\u00fcsse auf Ihre Person zu. Google Analytics speichert auch die IP-Adresse Ihres Computers, die theoretisch zu Ihrer Identifizierung verwendet werden k\u00f6nnte. Google gew\u00e4hrt uns jedoch keinen Zugriff darauf. Wir betrachten Google als einen Drittanbieter, der die Anforderungen der europ\u00e4ischen Gesetzgebung erf\u00fcllt. F\u00fcr die Datenerfassung mittels Cookies bitten wir Sie beim Besuch unserer Website um Ihre ausdr\u00fcckliche Einwilligung. Weitere Informationen zu unserer Cookie-Richtlinie finden Sie weiter unten.          <\/p>\n\n<p>Wenn Sie uns kontaktieren, beispielsweise per E-Mail oder Telefon, um Informationen zu Dienstleistungen, Preisen oder anderen Materialien oder Daten anzufordern, erfassen wir Ihren vollst\u00e4ndigen Namen, Ihre E-Mail-Adresse und Ihre Telefonnummer oder andere Kontaktdaten sowie den Inhalt (Text) Ihrer E-Mail, da dies f\u00fcr die Bearbeitung Ihrer Anfrage erforderlich ist. Mit der \u00dcbermittlung Ihrer Daten \u00fcber die Registrierungs-, Kommentar-, Kontaktformulare usw. der Website pathologosthermi.gr erkl\u00e4ren Sie sich mit den Bedingungen dieser Datenschutzerkl\u00e4rung einverstanden.<\/p>\n\n<p>Wenn Sie eine E-Mail von uns erhalten, haben Sie jederzeit die M\u00f6glichkeit, Ihre Daten aus der Firmenliste zu l\u00f6schen. Folgen Sie dazu einfach den entsprechenden L\u00f6schanweisungen in jeder E-Mail, die wir Ihnen senden, oder senden Sie eine einfache Anfrage an info@pathologosthermi.gr.<\/p>\n\n<h2 class=\"wp-block-heading has-xxl-font-size\">Aktualisierung und Informationen zu Ihren Rechten<\/h2>\n\n<p>Die Gesetzgebung sieht vor, dass betroffene Personen das Recht haben, vom Verantwortlichen einen Antrag auf Zugang zu ihren personenbezogenen Daten sowie auf Berichtigung oder L\u00f6schung dieser Daten oder auf Einschr\u00e4nkung der Verarbeitung zu stellen, Widerspruch gegen die Verarbeitung einzulegen, das Recht auf Daten\u00fcbertragbarkeit sowie das Recht, eine erteilte Einwilligung mit Wirkung f\u00fcr die Zukunft zu widerrufen.<\/p>\n\n<figure class=\"wp-block-pullquote\"><blockquote><p><strong>Bei damit zusammenh\u00e4ngenden Fragen k\u00f6nnen Sie sich an die \u201eBeh\u00f6rde f\u00fcr den Schutz personenbezogener Daten: Kifisias 1-3, 115 23 Athen, Griechenland\u201c wenden.<\/strong><\/p><\/blockquote><\/figure>\n\n<h3 class=\"wp-block-heading has-xxl-font-size\">Zugangsrecht<\/h3>\n\n<p>Der Nutzer hat das Recht, vom Verantwortlichen eine Best\u00e4tigung dar\u00fcber zu erhalten, ob ihn betreffende personenbezogene Daten verarbeitet werden, und falls ja, das Recht auf Auskunft \u00fcber diese Daten.<\/p>\n\n<h3 class=\"wp-block-heading has-xxl-font-size\">Recht auf Berichtigung<\/h3>\n\n<p>Der Nutzer hat das Recht, vom Verantwortlichen die unverz\u00fcgliche Berichtigung ihn betreffender unrichtiger personenbezogener Daten zu verlangen. Unter Ber\u00fccksichtigung der Zwecke der Verarbeitung hat die betroffene Person das Recht, die Vervollst\u00e4ndigung unvollst\u00e4ndiger personenbezogener Daten, auch mittels einer erg\u00e4nzenden Erkl\u00e4rung, zu verlangen. <\/p>\n\n<h3 class=\"wp-block-heading has-xxl-font-size\">Recht auf L\u00f6schung<\/h3>\n\n<p>Der Nutzer hat das Recht, vom Verantwortlichen die unverz\u00fcgliche L\u00f6schung der ihn betreffenden personenbezogenen Daten zu verlangen, und der Verantwortliche ist verpflichtet, die personenbezogenen Daten zu l\u00f6schen.<\/p>\n\n<h3 class=\"wp-block-heading has-xxl-font-size\">Recht auf Daten\u00fcbertragbarkeit<\/h3>\n\n<p>Der Nutzer hat das Recht, die ihn betreffenden personenbezogenen Daten, die er einem Verantwortlichen bereitgestellt hat, in einem strukturierten, g\u00e4ngigen und maschinenlesbaren Format zu erhalten und diese Daten ohne Widerspruch des Verantwortlichen, dem die personenbezogenen Daten urspr\u00fcnglich bereitgestellt wurden, an einen anderen Verantwortlichen zu \u00fcbermitteln.<\/p>\n\n<h3 class=\"wp-block-heading has-xxl-font-size\">Widerspruchsrecht<\/h3>\n\n<p>1. Der Nutzer hat das Recht, aus Gr\u00fcnden, die sich aus seiner besonderen Situation ergeben, jederzeit gegen die automatisierte Verarbeitung ihn betreffender personenbezogener Daten Widerspruch einzulegen.<br\/>2. Werden personenbezogene Daten f\u00fcr Zwecke der Direktwerbung verarbeitet, hat die betroffene Person das Recht, jederzeit Widerspruch gegen die Verarbeitung sie betreffender personenbezogener Daten zum Zwecke derartiger Werbung einzulegen; dies gilt auch f\u00fcr das Profiling, soweit es mit dieser Direktwerbung in Zusammenhang steht.<br\/>3. Widersprechen die betroffenen Personen der Verarbeitung ihrer personenbezogenen Daten f\u00fcr Zwecke der Direktwerbung, so werden diese personenbezogenen Daten nicht mehr f\u00fcr diese Zwecke verarbeitet.<\/p>\n\n<h3 class=\"wp-block-heading has-xxl-font-size\">Datentransfer in Drittl\u00e4nder<\/h3>\n\n<p>Unser Unternehmen \u00fcbermittelt Ihre Daten nicht an Drittl\u00e4nder.<\/p>\n\n<h3 class=\"wp-block-heading has-xxl-font-size\">Daten\u00fcbermittlung an Dritte<\/h3>\n\n<p>Unser Unternehmen gibt Ihre Daten nicht an Dritte weiter, es sei denn, dies ist gesetzlich vorgeschrieben.<\/p>\n\n<h3 class=\"wp-block-heading has-xxl-font-size\">Wie lange speichern wir personenbezogene Daten?<\/h3>\n\n<p>Ihre personenbezogenen Daten werden so lange aufbewahrt, wie es f\u00fcr den jeweiligen Gesch\u00e4ftszweck oder die Zwecke, f\u00fcr die sie erhoben wurden, erforderlich ist.<\/p>\n\n<h3 class=\"wp-block-heading has-xxl-font-size\">Wie sch\u00fctzen wir personenbezogene Daten?<\/h3>\n\n<p>Unser Unternehmen ber\u00fccksichtigt den Umfang, den Kontext und die Zwecke der Verarbeitung sowie die Risiken unterschiedlicher Eintrittswahrscheinlichkeit und Schwere f\u00fcr die Rechte und Freiheiten nat\u00fcrlicher Personen aus der Verarbeitung und setzt sowohl bei der Festlegung der Verarbeitungsmittel als auch zum Zeitpunkt der Verarbeitung geeignete technische und organisatorische Ma\u00dfnahmen wirksam um, die den Anforderungen des Gesetzes entsprechen und die Rechte der betroffenen Personen gem\u00e4\u00df der Sicherheitsrichtlinie unseres Unternehmens sch\u00fctzen.<\/p>\n\n<h3 class=\"wp-block-heading has-xxl-font-size\">Was passiert, wenn wir diese Datenschutzerkl\u00e4rung \u00e4ndern?<\/h3>\n\n<p>Wir k\u00f6nnen diese Erkl\u00e4rung aus beliebigen Gr\u00fcnden von Zeit zu Zeit aktualisieren. Wir werden Sie \u00fcber \u00c4nderungen dieser Erkl\u00e4rung informieren, indem wir die neue Fassung hier ver\u00f6ffentlichen oder, falls die \u00c4nderungen wesentlich f\u00fcr die von uns erhobenen Daten sind, einen deutlich sichtbaren Hinweis auf unserer Website ver\u00f6ffentlichen oder, falls erforderlich, eine E-Mail an die Adresse senden, die Sie uns vor der Umsetzung der \u00c4nderungen mitgeteilt haben. Gegebenenfalls werden wir Sie erneut um Ihre Einwilligung bitten.  <\/p>\n\n<h2 class=\"wp-block-heading has-xxxl-font-size\">Cookie-Richtlinie<\/h2>\n\n<h3 class=\"wp-block-heading has-xxl-font-size\">Informationen zu Cookies<\/h3>\n\n<p>Cookies sind kleine Textdateien (Zeichenketten), die in Ihrem Browser (z. B. Safari, Chrome, Firefox) gespeichert werden und die Effizienz von Websites verbessern. Sie besch\u00e4digen weder Ihren Computer noch die darauf gespeicherten Dateien. Die in Cookies gespeicherten Informationen dienen der Identifizierung. Mithilfe von Cookies k\u00f6nnen wir die Website pathologosthermi.gr effizient betreiben und das Besucherverhalten analysieren. Die Website pathologosthermi.gr verwendet Cookies, um ihren Besuchern Informationen bereitzustellen und die angebotenen Dienste zu optimieren.    <\/p>\n\n<h4 class=\"wp-block-heading has-xxl-font-size\">Die verschiedenen Arten von Keksen<\/h4>\n\n<ul class=\"wp-block-list\">\n<li><strong>Funktionale Cookies:<\/strong> Sie erm\u00f6glichen die Ausf\u00fchrung grundlegender Website-Funktionen, deren verbesserte Funktionalit\u00e4t sowie die Personalisierung von Inhalten.<\/li>\n\n\n\n<li><strong>Pr\u00e4ferenz-Cookies:<\/strong> Diese Cookies <em>speichern<\/em> Ihre Pr\u00e4ferenzen beim Besuch von pathologosthermi.gr, damit wir Ihnen die passenden Dienste basierend auf Ihren Bed\u00fcrfnissen empfehlen k\u00f6nnen.<\/li>\n\n\n\n<li><strong>Werbe-Cookies:<\/strong> Mithilfe von Werbe-Cookies m\u00f6chten wir Ihnen auf Ihre Interessen zugeschnittene Werbung empfehlen, damit wir Sie nicht mit unerw\u00fcnschten Nachrichten bel\u00e4stigen.<\/li>\n\n\n\n<li><strong>Analyse-Cookies:<\/strong> Sie erm\u00f6glichen es uns, die Effektivit\u00e4t der verschiedenen Funktionen der Website zu bewerten, damit wir das Ihnen gebotene Erlebnis st\u00e4ndig verbessern k\u00f6nnen.<\/li>\n<\/ul>\n\n<h4 class=\"wp-block-heading has-xxl-font-size\">Detaillierte Informationen<\/h4>\n\n<p>Drittanbieter, einschlie\u00dflich Google, k\u00f6nnen auf anderen Websites Werbung f\u00fcr ihr Unternehmen schalten.<\/p>\n\n<p>Drittanbieter, einschlie\u00dflich Google, k\u00f6nnen Cookies verwenden, um Anzeigen basierend auf dem vorherigen Besuch des Besuchers auf pathologosthermi.gr zu aktualisieren, zu optimieren und anzuzeigen.<\/p>\n\n<p>pathologosthermi.gr kann auch Cookies von fr\u00fcheren Website-Besuchen zu Remarketing-Zwecken verwenden. Nutzer k\u00f6nnen die Verwendung von Cookies durch Google <a href=\"https:\/\/www.google.com\/ads\/preferences\/\" target=\"_blank\" rel=\"noreferrer noopener\">hier<\/a> deaktivieren. <\/p>\n\n<p>Sie k\u00f6nnen Ihren Browser so einstellen, dass er Sie benachrichtigt, bevor ein Cookie empfangen wird, und Ihnen die M\u00f6glichkeit gibt, diesen anzunehmen oder abzulehnen. Beachten Sie in diesem Fall bitte, dass Sie m\u00f6glicherweise nicht alle Funktionen der Website nutzen k\u00f6nnen. <\/p>\n\n<p>pathologosthermi.gr kann Google Analytics-Funktionen f\u00fcr Displaywerbung nutzen (z. B. f\u00fcr Remarketing, Google Displaynetzwerk-Anzeigenberichte, Doubleclick Campaign Manager-Integration oder demografische und Interessenberichte).<\/p>\n\n<p>\u00dcber <a href=\"https:\/\/www.google.com\/settings\/ads\" target=\"_blank\" rel=\"noreferrer noopener\">die Anzeigeneinstellungen<\/a> k\u00f6nnen Besucher Google Analytics f\u00fcr Displayanzeigen deaktivieren sowie Google Displaynetzwerk-Anzeigen anpassen.<\/p>\n\n<p>Hier finden Sie die <a href=\"https:\/\/tools.google.com\/dlpage\/gaoptout\/\" target=\"_blank\" rel=\"noreferrer noopener\">verf\u00fcgbaren Opt-out-Optionen f\u00fcr Google Analytics<\/a> im Web.<\/p>\n\n<p>pathologosthermi.gr h\u00e4lt sich an <a href=\"https:\/\/support.google.com\/adwordspolicy\/bin\/answer.py?answer=143465\" target=\"_blank\" rel=\"noreferrer noopener\">die Richtlinien von Google AdWords f\u00fcr interessenbezogene Werbung<\/a> und <a href=\"https:\/\/support.google.com\/adwordspolicy\/answer\/143465#sensitive\" target=\"_blank\" rel=\"noreferrer noopener\">die Beschr\u00e4nkungen f\u00fcr sensible Kategorien<\/a> und nutzt Remarketing mit Google Analytics f\u00fcr Online-Werbezwecke.<\/p>\n\n<p>pathologosthermi.gr und Drittanbieter, darunter Google, verwenden Erstanbieter-Cookies (wie den Google Analytics-Cookie) und Drittanbieter-Cookies (wie den DoubleClick-Cookie) gemeinsam, um Anzeigen auf der Grundlage der vorherigen Besuche der Nutzer auf der Website zu informieren, zu optimieren und auszuliefern.<\/p>\n\n<p>pathologosthermi.gr und Drittanbieter, darunter Google, verwenden gemeinsam Erstanbieter-Cookies (wie den Google Analytics-Cookie) und Drittanbieter-Cookies (wie den DoubleClick-Cookie), um Berichte dar\u00fcber zu erstellen, wie die Anzeigenimpressionen des Unternehmens, andere Nutzungen von Werbediensten und Interaktionen mit diesen Anzeigenimpressionen und Werbediensten mit Besuchen auf der Website craftery.gr zusammenh\u00e4ngen.<\/p>\n\n<p>pathologosthermi.gr kann Daten aus Googles interessenbezogener Werbung oder Daten von Drittanbietern (wie Alter, Geschlecht und Interessen) mit Google Analytics verwenden.<\/p>\n","protected":false},"excerpt":{"rendered":"<div class=\"entry-summary\">\nDatenschutzrichtlinie Sicherheit personenbezogener Daten Der Schutz der personenbezogenen Daten der Besucher der Website pathologosthermi.gr ist uns \u00e4u\u00dferst wichtig. Diese Datenschutzerkl\u00e4rung erl\u00e4utert, welche personenbezogenen Daten wir \u00fcber diese Website von Ihnen erheben und&hellip;\n<\/div>\n<div class=\"link-more-container\"><a href=\"https:\/\/pathologosthermi.gr\/de\/datenschutz-und-cookie-richtlinie\/\" class=\"link-more button\" aria-label=\"Continue reading Datenschutz- und Cookie-Richtlinie\">Continue reading&hellip;<\/a><\/div>\n","protected":false},"author":1,"featured_media":0,"parent":0,"menu_order":0,"comment_status":"closed","ping_status":"open","template":"","meta":{"inline_featured_image":false,"footnotes":""},"class_list":["post-2971","page","type-page","status-publish","hentry","entry","entry-type-page"],"yoast_head":"<!-- This site is optimized with the Yoast SEO plugin v27.2 - https:\/\/yoast.com\/product\/yoast-seo-wordpress\/ -->\n<title>Datenschutz- und Cookie-Richtlinie | \u0391\u03bd\u03b1\u03b3\u03bd\u03ce\u03c3\u03c4\u03bf\u03c5 \u039e\u03b1\u03bd\u03b8\u03ae<\/title>\n<meta name=\"robots\" content=\"noindex, follow\" \/>\n<meta property=\"og:locale\" content=\"de_DE\" \/>\n<meta property=\"og:type\" content=\"article\" \/>\n<meta property=\"og:title\" content=\"Datenschutz- und Cookie-Richtlinie | \u0391\u03bd\u03b1\u03b3\u03bd\u03ce\u03c3\u03c4\u03bf\u03c5 \u039e\u03b1\u03bd\u03b8\u03ae\" \/>\n<meta property=\"og:description\" content=\"Datenschutzrichtlinie Sicherheit personenbezogener Daten Der Schutz der personenbezogenen Daten der Besucher der Website pathologosthermi.gr ist uns \u00e4u\u00dferst wichtig. Diese Datenschutzerkl\u00e4rung erl\u00e4utert, welche personenbezogenen Daten wir \u00fcber diese Website von Ihnen erheben und&hellip; Continue reading&hellip;\" \/>\n<meta property=\"og:url\" content=\"https:\/\/pathologosthermi.gr\/de\/datenschutz-und-cookie-richtlinie\/\" \/>\n<meta property=\"og:site_name\" content=\"\u0391\u03bd\u03b1\u03b3\u03bd\u03ce\u03c3\u03c4\u03bf\u03c5 \u039e\u03b1\u03bd\u03b8\u03ae\" \/>\n<meta property=\"article:modified_time\" content=\"2026-03-02T12:33:27+00:00\" \/>\n<meta name=\"twitter:card\" content=\"summary_large_image\" \/>\n<meta name=\"twitter:label1\" content=\"Gesch\u00e4tzte Lesezeit\" \/>\n\t<meta name=\"twitter:data1\" content=\"8\u00a0Minuten\" \/>\n<script type=\"application\/ld+json\" class=\"yoast-schema-graph\">{\"@context\":\"https:\/\/schema.org\",\"@graph\":[{\"@type\":\"WebPage\",\"@id\":\"https:\/\/pathologosthermi.gr\/de\/datenschutz-und-cookie-richtlinie\/\",\"url\":\"https:\/\/pathologosthermi.gr\/de\/datenschutz-und-cookie-richtlinie\/\",\"name\":\"Datenschutz- und Cookie-Richtlinie | \u0391\u03bd\u03b1\u03b3\u03bd\u03ce\u03c3\u03c4\u03bf\u03c5 \u039e\u03b1\u03bd\u03b8\u03ae\",\"isPartOf\":{\"@id\":\"https:\/\/pathologosthermi.gr\/de\/#website\"},\"datePublished\":\"2025-03-12T07:10:50+00:00\",\"dateModified\":\"2026-03-02T12:33:27+00:00\",\"breadcrumb\":{\"@id\":\"https:\/\/pathologosthermi.gr\/de\/datenschutz-und-cookie-richtlinie\/#breadcrumb\"},\"inLanguage\":\"de\",\"potentialAction\":[{\"@type\":\"ReadAction\",\"target\":[\"https:\/\/pathologosthermi.gr\/de\/datenschutz-und-cookie-richtlinie\/\"]}]},{\"@type\":\"BreadcrumbList\",\"@id\":\"https:\/\/pathologosthermi.gr\/de\/datenschutz-und-cookie-richtlinie\/#breadcrumb\",\"itemListElement\":[{\"@type\":\"ListItem\",\"position\":1,\"name\":\"Home\",\"item\":\"https:\/\/pathologosthermi.gr\/de\/\"},{\"@type\":\"ListItem\",\"position\":2,\"name\":\"Datenschutz- und Cookie-Richtlinie\"}]},{\"@type\":\"WebSite\",\"@id\":\"https:\/\/pathologosthermi.gr\/de\/#website\",\"url\":\"https:\/\/pathologosthermi.gr\/de\/\",\"name\":\"\u0391\u03bd\u03b1\u03b3\u03bd\u03ce\u03c3\u03c4\u03bf\u03c5 \u039e\u03b1\u03bd\u03b8\u03ae\",\"description\":\"\u0395\u03b9\u03b4\u03b9\u03ba\u03cc\u03c2 \u03a0\u03b1\u03b8\u03bf\u03bb\u03cc\u03b3\u03bf\u03c2 \u0398\u03ad\u03c1\u03bc\u03b7 \u0398\u03b5\u03c3\u03c3\u03b1\u03bb\u03bf\u03bd\u03af\u03ba\u03b7\u03c2\",\"publisher\":{\"@id\":\"https:\/\/pathologosthermi.gr\/de\/#organization\"},\"potentialAction\":[{\"@type\":\"SearchAction\",\"target\":{\"@type\":\"EntryPoint\",\"urlTemplate\":\"https:\/\/pathologosthermi.gr\/de\/?s={search_term_string}\"},\"query-input\":{\"@type\":\"PropertyValueSpecification\",\"valueRequired\":true,\"valueName\":\"search_term_string\"}}],\"inLanguage\":\"de\"},{\"@type\":\"Organization\",\"@id\":\"https:\/\/pathologosthermi.gr\/de\/#organization\",\"name\":\"\u0391\u03bd\u03b1\u03b3\u03bd\u03ce\u03c3\u03c4\u03bf\u03c5 \u039e\u03b1\u03bd\u03b8\u03ae\",\"url\":\"https:\/\/pathologosthermi.gr\/de\/\",\"logo\":{\"@type\":\"ImageObject\",\"inLanguage\":\"de\",\"@id\":\"https:\/\/pathologosthermi.gr\/de\/#\/schema\/logo\/image\/\",\"url\":\"https:\/\/pathologosthermi.gr\/wp-content\/uploads\/2025\/03\/drxanthi-logo1.png\",\"contentUrl\":\"https:\/\/pathologosthermi.gr\/wp-content\/uploads\/2025\/03\/drxanthi-logo1.png\",\"width\":600,\"height\":120,\"caption\":\"\u0391\u03bd\u03b1\u03b3\u03bd\u03ce\u03c3\u03c4\u03bf\u03c5 \u039e\u03b1\u03bd\u03b8\u03ae\"},\"image\":{\"@id\":\"https:\/\/pathologosthermi.gr\/de\/#\/schema\/logo\/image\/\"}}]}<\/script>\n<!-- \/ Yoast SEO plugin. -->","yoast_head_json":{"title":"Datenschutz- und Cookie-Richtlinie | \u0391\u03bd\u03b1\u03b3\u03bd\u03ce\u03c3\u03c4\u03bf\u03c5 \u039e\u03b1\u03bd\u03b8\u03ae","robots":{"index":"noindex","follow":"follow"},"og_locale":"de_DE","og_type":"article","og_title":"Datenschutz- und Cookie-Richtlinie | \u0391\u03bd\u03b1\u03b3\u03bd\u03ce\u03c3\u03c4\u03bf\u03c5 \u039e\u03b1\u03bd\u03b8\u03ae","og_description":"Datenschutzrichtlinie Sicherheit personenbezogener Daten Der Schutz der personenbezogenen Daten der Besucher der Website pathologosthermi.gr ist uns \u00e4u\u00dferst wichtig. Diese Datenschutzerkl\u00e4rung erl\u00e4utert, welche personenbezogenen Daten wir \u00fcber diese Website von Ihnen erheben und&hellip; Continue reading&hellip;","og_url":"https:\/\/pathologosthermi.gr\/de\/datenschutz-und-cookie-richtlinie\/","og_site_name":"\u0391\u03bd\u03b1\u03b3\u03bd\u03ce\u03c3\u03c4\u03bf\u03c5 \u039e\u03b1\u03bd\u03b8\u03ae","article_modified_time":"2026-03-02T12:33:27+00:00","twitter_card":"summary_large_image","twitter_misc":{"Gesch\u00e4tzte Lesezeit":"8\u00a0Minuten"},"schema":{"@context":"https:\/\/schema.org","@graph":[{"@type":"WebPage","@id":"https:\/\/pathologosthermi.gr\/de\/datenschutz-und-cookie-richtlinie\/","url":"https:\/\/pathologosthermi.gr\/de\/datenschutz-und-cookie-richtlinie\/","name":"Datenschutz- und Cookie-Richtlinie | \u0391\u03bd\u03b1\u03b3\u03bd\u03ce\u03c3\u03c4\u03bf\u03c5 \u039e\u03b1\u03bd\u03b8\u03ae","isPartOf":{"@id":"https:\/\/pathologosthermi.gr\/de\/#website"},"datePublished":"2025-03-12T07:10:50+00:00","dateModified":"2026-03-02T12:33:27+00:00","breadcrumb":{"@id":"https:\/\/pathologosthermi.gr\/de\/datenschutz-und-cookie-richtlinie\/#breadcrumb"},"inLanguage":"de","potentialAction":[{"@type":"ReadAction","target":["https:\/\/pathologosthermi.gr\/de\/datenschutz-und-cookie-richtlinie\/"]}]},{"@type":"BreadcrumbList","@id":"https:\/\/pathologosthermi.gr\/de\/datenschutz-und-cookie-richtlinie\/#breadcrumb","itemListElement":[{"@type":"ListItem","position":1,"name":"Home","item":"https:\/\/pathologosthermi.gr\/de\/"},{"@type":"ListItem","position":2,"name":"Datenschutz- und Cookie-Richtlinie"}]},{"@type":"WebSite","@id":"https:\/\/pathologosthermi.gr\/de\/#website","url":"https:\/\/pathologosthermi.gr\/de\/","name":"\u0391\u03bd\u03b1\u03b3\u03bd\u03ce\u03c3\u03c4\u03bf\u03c5 \u039e\u03b1\u03bd\u03b8\u03ae","description":"\u0395\u03b9\u03b4\u03b9\u03ba\u03cc\u03c2 \u03a0\u03b1\u03b8\u03bf\u03bb\u03cc\u03b3\u03bf\u03c2 \u0398\u03ad\u03c1\u03bc\u03b7 \u0398\u03b5\u03c3\u03c3\u03b1\u03bb\u03bf\u03bd\u03af\u03ba\u03b7\u03c2","publisher":{"@id":"https:\/\/pathologosthermi.gr\/de\/#organization"},"potentialAction":[{"@type":"SearchAction","target":{"@type":"EntryPoint","urlTemplate":"https:\/\/pathologosthermi.gr\/de\/?s={search_term_string}"},"query-input":{"@type":"PropertyValueSpecification","valueRequired":true,"valueName":"search_term_string"}}],"inLanguage":"de"},{"@type":"Organization","@id":"https:\/\/pathologosthermi.gr\/de\/#organization","name":"\u0391\u03bd\u03b1\u03b3\u03bd\u03ce\u03c3\u03c4\u03bf\u03c5 \u039e\u03b1\u03bd\u03b8\u03ae","url":"https:\/\/pathologosthermi.gr\/de\/","logo":{"@type":"ImageObject","inLanguage":"de","@id":"https:\/\/pathologosthermi.gr\/de\/#\/schema\/logo\/image\/","url":"https:\/\/pathologosthermi.gr\/wp-content\/uploads\/2025\/03\/drxanthi-logo1.png","contentUrl":"https:\/\/pathologosthermi.gr\/wp-content\/uploads\/2025\/03\/drxanthi-logo1.png","width":600,"height":120,"caption":"\u0391\u03bd\u03b1\u03b3\u03bd\u03ce\u03c3\u03c4\u03bf\u03c5 \u039e\u03b1\u03bd\u03b8\u03ae"},"image":{"@id":"https:\/\/pathologosthermi.gr\/de\/#\/schema\/logo\/image\/"}}]}},"_links":{"self":[{"href":"https:\/\/pathologosthermi.gr\/de\/wp-json\/wp\/v2\/pages\/2971","targetHints":{"allow":["GET"]}}],"collection":[{"href":"https:\/\/pathologosthermi.gr\/de\/wp-json\/wp\/v2\/pages"}],"about":[{"href":"https:\/\/pathologosthermi.gr\/de\/wp-json\/wp\/v2\/types\/page"}],"author":[{"embeddable":true,"href":"https:\/\/pathologosthermi.gr\/de\/wp-json\/wp\/v2\/users\/1"}],"replies":[{"embeddable":true,"href":"https:\/\/pathologosthermi.gr\/de\/wp-json\/wp\/v2\/comments?post=2971"}],"version-history":[{"count":1,"href":"https:\/\/pathologosthermi.gr\/de\/wp-json\/wp\/v2\/pages\/2971\/revisions"}],"predecessor-version":[{"id":3234,"href":"https:\/\/pathologosthermi.gr\/de\/wp-json\/wp\/v2\/pages\/2971\/revisions\/3234"}],"wp:attachment":[{"href":"https:\/\/pathologosthermi.gr\/de\/wp-json\/wp\/v2\/media?parent=2971"}],"curies":[{"name":"wp","href":"https:\/\/api.w.org\/{rel}","templated":true}]}}