{"id":2959,"date":"2025-10-16T13:59:52","date_gmt":"2025-10-16T10:59:52","guid":{"rendered":"https:\/\/pathologosthermi.gr\/information\/"},"modified":"2026-03-17T14:38:48","modified_gmt":"2026-03-17T12:38:48","slug":"information","status":"publish","type":"page","link":"https:\/\/pathologosthermi.gr\/de\/information\/","title":{"rendered":"Informationen"},"content":{"rendered":"\n<div class=\"wp-block-cover alignfull has-custom-content-position is-position-bottom-center is-light\" style=\"padding-bottom:90px;min-height:475px;aspect-ratio:unset;\"><img decoding=\"async\" class=\"wp-block-cover__image-background wp-image-999999\" alt=\"\" src=\"https:\/\/pathologosthermi.gr\/wp-content\/themes\/francesca\/assets\/images\/starter\/3to2--a.png?ver=v1.2.11\" style=\"object-position:50% 100%\" data-object-fit=\"cover\" data-object-position=\"50% 100%\"\/><span aria-hidden=\"true\" class=\"wp-block-cover__background has-background-dim-100 has-background-dim wp-block-cover__gradient-background has-background-gradient has-circle-right-gradient-background\"><\/span><div class=\"wp-block-cover__inner-container is-layout-flow wp-block-cover-is-layout-flow\">\n<h1 class=\"wp-block-heading has-text-align-center has-text-color has-link-color has-heading-3-font-size wp-elements-a106defdef1e2051d65390bffcac829e\" style=\"color:#001e4a\">Informationen<\/h1>\n<\/div><\/div>\n\n<div id=\"iatreio\" class=\"wp-block-group\"><div class=\"wp-block-group__inner-container is-layout-constrained wp-block-group-is-layout-constrained\">\n<h2 class=\"wp-block-heading has-text-align-center has-heading-3-font-size\">Die Praxis<\/h2>\n\n\n\n<p class=\"has-text-align-center\">In unserer Praxis bieten wir Ihnen eine qualitativ hochwertige medizinische Versorgung mit Respekt und Verantwortungsbewusstsein. Jeder Patient erh\u00e4lt bei uns einen individuellen Behandlungsansatz, der auf wissenschaftlichen Erkenntnissen und langj\u00e4hriger Erfahrung basiert und auf Pr\u00e4vention, eine pr\u00e4zise Diagnose sowie eine angemessene Behandlung abzielt.  Vertrauen und eine offene, effektive Kommunikation mit unseren Patienten sind Schl\u00fcsselelemente unseres Ansatzes. Wir sind f\u00fcr Sie da, um Sie in jeder Phase Ihrer Behandlung zu unterst\u00fctzen und zu begleiten.<\/p>\n<\/div><\/div>\n\n<div style=\"height:100px\" aria-hidden=\"true\" class=\"wp-block-spacer\"><\/div>\n\n<div class=\"wp-block-group alignfull\"><div class=\"wp-block-group__inner-container is-layout-constrained wp-block-group-is-layout-constrained\">\n<div class=\"wp-block-columns alignfull\">\n<div class=\"wp-block-column is-style-alignleft\">\n<figure class=\"wp-block-gallery has-nested-images columns-2 is-cropped is-style-default wp-block-gallery-1 is-layout-flex wp-block-gallery-is-layout-flex\">\n<figure class=\"wp-block-image size-large\"><img loading=\"lazy\" decoding=\"async\" width=\"1344\" height=\"756\" data-id=\"3117\" src=\"https:\/\/pathologosthermi.gr\/wp-content\/uploads\/2026\/02\/xoroi-iatreiou-image-ne1-1344x756.jpg\" alt=\"Xanthi Anagnostou Klinik in Thermi\" class=\"wp-image-3117\" srcset=\"https:\/\/pathologosthermi.gr\/wp-content\/uploads\/2026\/02\/xoroi-iatreiou-image-ne1-1344x756.jpg 1344w, https:\/\/pathologosthermi.gr\/wp-content\/uploads\/2026\/02\/xoroi-iatreiou-image-ne1-640x360.jpg 640w, https:\/\/pathologosthermi.gr\/wp-content\/uploads\/2026\/02\/xoroi-iatreiou-image-ne1-480x270.jpg 480w, https:\/\/pathologosthermi.gr\/wp-content\/uploads\/2026\/02\/xoroi-iatreiou-image-ne1-768x432.jpg 768w, https:\/\/pathologosthermi.gr\/wp-content\/uploads\/2026\/02\/xoroi-iatreiou-image-ne1-830x467.jpg 830w, https:\/\/pathologosthermi.gr\/wp-content\/uploads\/2026\/02\/xoroi-iatreiou-image-ne1.jpg 1366w\" sizes=\"auto, (max-width: 1344px) 100vw, 1344px\" \/><\/figure>\n\n\n\n<figure class=\"wp-block-image size-large\"><img loading=\"lazy\" decoding=\"async\" width=\"1344\" height=\"756\" data-id=\"2840\" src=\"https:\/\/pathologosthermi.gr\/wp-content\/uploads\/2026\/02\/grafeio-image2-1344x756.jpg\" alt=\"Xanthi Anagnostou Klinik in Thermi\" class=\"wp-image-2840\" srcset=\"https:\/\/pathologosthermi.gr\/wp-content\/uploads\/2026\/02\/grafeio-image2-1344x756.jpg 1344w, https:\/\/pathologosthermi.gr\/wp-content\/uploads\/2026\/02\/grafeio-image2-640x360.jpg 640w, https:\/\/pathologosthermi.gr\/wp-content\/uploads\/2026\/02\/grafeio-image2-480x270.jpg 480w, https:\/\/pathologosthermi.gr\/wp-content\/uploads\/2026\/02\/grafeio-image2-768x432.jpg 768w, https:\/\/pathologosthermi.gr\/wp-content\/uploads\/2026\/02\/grafeio-image2-830x467.jpg 830w, https:\/\/pathologosthermi.gr\/wp-content\/uploads\/2026\/02\/grafeio-image2.jpg 1366w\" sizes=\"auto, (max-width: 1344px) 100vw, 1344px\" \/><\/figure>\n\n\n\n<figure class=\"wp-block-image size-large\"><img loading=\"lazy\" decoding=\"async\" width=\"1344\" height=\"756\" data-id=\"2839\" src=\"https:\/\/pathologosthermi.gr\/wp-content\/uploads\/2026\/02\/xoroi-iatreiou-image3-1344x756.jpg\" alt=\"Xanthi Anagnostou Klinik in Thermi\" class=\"wp-image-2839\" srcset=\"https:\/\/pathologosthermi.gr\/wp-content\/uploads\/2026\/02\/xoroi-iatreiou-image3-1344x756.jpg 1344w, https:\/\/pathologosthermi.gr\/wp-content\/uploads\/2026\/02\/xoroi-iatreiou-image3-640x360.jpg 640w, https:\/\/pathologosthermi.gr\/wp-content\/uploads\/2026\/02\/xoroi-iatreiou-image3-480x270.jpg 480w, https:\/\/pathologosthermi.gr\/wp-content\/uploads\/2026\/02\/xoroi-iatreiou-image3-768x432.jpg 768w, https:\/\/pathologosthermi.gr\/wp-content\/uploads\/2026\/02\/xoroi-iatreiou-image3-830x467.jpg 830w, https:\/\/pathologosthermi.gr\/wp-content\/uploads\/2026\/02\/xoroi-iatreiou-image3.jpg 1366w\" sizes=\"auto, (max-width: 1344px) 100vw, 1344px\" \/><\/figure>\n\n\n\n<figure class=\"wp-block-image size-large\"><img loading=\"lazy\" decoding=\"async\" width=\"1344\" height=\"756\" data-id=\"2841\" src=\"https:\/\/pathologosthermi.gr\/wp-content\/uploads\/2026\/02\/iatriko-trapezi-exetasis-image5-1344x756.jpg\" alt=\"Xanthi Anagnostou Klinik in Thermi\" class=\"wp-image-2841\" srcset=\"https:\/\/pathologosthermi.gr\/wp-content\/uploads\/2026\/02\/iatriko-trapezi-exetasis-image5-1344x756.jpg 1344w, https:\/\/pathologosthermi.gr\/wp-content\/uploads\/2026\/02\/iatriko-trapezi-exetasis-image5-640x360.jpg 640w, https:\/\/pathologosthermi.gr\/wp-content\/uploads\/2026\/02\/iatriko-trapezi-exetasis-image5-480x270.jpg 480w, https:\/\/pathologosthermi.gr\/wp-content\/uploads\/2026\/02\/iatriko-trapezi-exetasis-image5-768x432.jpg 768w, https:\/\/pathologosthermi.gr\/wp-content\/uploads\/2026\/02\/iatriko-trapezi-exetasis-image5-830x467.jpg 830w, https:\/\/pathologosthermi.gr\/wp-content\/uploads\/2026\/02\/iatriko-trapezi-exetasis-image5.jpg 1366w\" sizes=\"auto, (max-width: 1344px) 100vw, 1344px\" \/><\/figure>\n\n\n\n<figure class=\"wp-block-image size-large\"><img loading=\"lazy\" decoding=\"async\" width=\"1344\" height=\"756\" data-id=\"3116\" src=\"https:\/\/pathologosthermi.gr\/wp-content\/uploads\/2026\/02\/xoroi-iatreiou-image-ne4-1344x756.jpg\" alt=\"Xanthi Anagnostou Klinik in Thermi\" class=\"wp-image-3116\" srcset=\"https:\/\/pathologosthermi.gr\/wp-content\/uploads\/2026\/02\/xoroi-iatreiou-image-ne4-1344x756.jpg 1344w, https:\/\/pathologosthermi.gr\/wp-content\/uploads\/2026\/02\/xoroi-iatreiou-image-ne4-640x360.jpg 640w, https:\/\/pathologosthermi.gr\/wp-content\/uploads\/2026\/02\/xoroi-iatreiou-image-ne4-480x270.jpg 480w, https:\/\/pathologosthermi.gr\/wp-content\/uploads\/2026\/02\/xoroi-iatreiou-image-ne4-768x432.jpg 768w, https:\/\/pathologosthermi.gr\/wp-content\/uploads\/2026\/02\/xoroi-iatreiou-image-ne4-830x467.jpg 830w, https:\/\/pathologosthermi.gr\/wp-content\/uploads\/2026\/02\/xoroi-iatreiou-image-ne4.jpg 1366w\" sizes=\"auto, (max-width: 1344px) 100vw, 1344px\" \/><\/figure>\n<\/figure>\n<\/div>\n<\/div>\n<\/div><\/div>\n\n<div class=\"wp-block-group alignfull is-style-blob-bottom has-black-color has-white-background-color has-text-color has-background\" id=\"viografiko\" style=\"padding-top:20px;padding-bottom:20px\"><div class=\"wp-block-group__inner-container is-layout-flow wp-block-group-is-layout-flow\">\n<h2 class=\"wp-block-heading has-heading-3-font-size\">Curriculum Vitae<\/h2>\n\n\n\n<div style=\"height:59px\" aria-hidden=\"true\" class=\"wp-block-spacer\"><\/div>\n\n\n<div class=\"alignwide-wrap\" data-block=\"media-text\">\n<div class=\"wp-block-media-text alignwide is-stacked-on-mobile is-vertically-aligned-top\" style=\"border-style:none;border-width:0px;padding-top:0;padding-right:0;padding-bottom:0;padding-left:0;grid-template-columns:60% auto\"><figure class=\"wp-block-media-text__media\"><img loading=\"lazy\" decoding=\"async\" width=\"1200\" height=\"1200\" src=\"https:\/\/pathologosthermi.gr\/wp-content\/uploads\/2026\/02\/xoroi-iatreiou-image4.jpg\" alt=\"Xanthi Anagnostou Klinik in Thermi\" class=\"wp-image-2843 size-full\" srcset=\"https:\/\/pathologosthermi.gr\/wp-content\/uploads\/2026\/02\/xoroi-iatreiou-image4.jpg 1200w, https:\/\/pathologosthermi.gr\/wp-content\/uploads\/2026\/02\/xoroi-iatreiou-image4-640x640.jpg 640w, https:\/\/pathologosthermi.gr\/wp-content\/uploads\/2026\/02\/xoroi-iatreiou-image4-480x480.jpg 480w, https:\/\/pathologosthermi.gr\/wp-content\/uploads\/2026\/02\/xoroi-iatreiou-image4-768x768.jpg 768w\" sizes=\"auto, (max-width: 1200px) 100vw, 1200px\" \/><\/figure><div class=\"wp-block-media-text__content\">\n<h3 class=\"wp-block-heading has-heading-3-font-size\"><strong>Anagnostou Xanthi<\/strong><\/h3>\n\n\n\n<h4 class=\"wp-block-heading has-black-color has-text-color has-link-color has-xl-font-size wp-elements-3fb4db91ec3af65d8b27c9a093e315c2\" style=\"margin-top:var(--wp--preset--spacing--20);margin-bottom:var(--wp--preset--spacing--20)\">Fach\u00e4rztin f\u00fcr Innere Medizin<\/h4>\n\n\n\n<hr class=\"wp-block-separator has-text-color has-white-color has-alpha-channel-opacity has-white-background-color has-background is-style-default\" style=\"margin-top:var(--wp--preset--spacing--20);margin-bottom:var(--wp--preset--spacing--20)\"\/>\n\n\n\n<p class=\"has-black-color has-text-color has-link-color wp-elements-6e271e6129c2c5ba761e1140675fe63a\" style=\"font-size:17px\">2011 habe ich mein Studium an der Medizinischen Fakult\u00e4t der Demokrit-Universit\u00e4t Thrakien erfolgreich abgeschlossen. Danach arbeitete ich als Assistenz\u00e4rztin in Deutschland in der Kinderheilkunde und in der Innere Medizin. 2018 habe ich den Titel Fach\u00e4rztin f\u00fcr Innere Medizin erhalten.<\/p>\n\n\n\n<p class=\"has-black-color has-text-color has-link-color wp-elements-6c05a97905181c3529fe05842736e71b\" style=\"font-size:17px\">W\u00e4hrend meiner Ausbildung in der Inneren Medizin sammelte ich wertvolle Erfahrungen in Kern- und Spezialgebieten wie Kardiologie, Gastroenterologie und Pulmologie sowie in zahlreichen weiteren klinischen Fachbereichen. Dadurch entwickelte sich ein umfassender und ganzheitlicher Ansatz in der Patientenversorgung.<\/p>\n\n\n\n<p class=\"has-black-color has-text-color has-link-color wp-elements-b9cdb5463007e1e48652470d01463d21\" style=\"font-size:17px\">Nach meiner R\u00fcckkehr nach Griechenland arbeitete ich in der Abteilung f\u00fcr Nephrologie des Papageorgiou Krankenhauses in Thessaloniki. Seit 2024 f\u00fchre ich eine private Praxis f\u00fcr Innere Medizin in Thermi Thessaloniki.<\/p>\n\n\n\n<p class=\"has-black-color has-text-color has-link-color wp-elements-0c02f1dc8a1993a39879d6d614b769a7\" style=\"font-size:17px\">Dar\u00fcber hinaus habe ich eine Zertifizierung in medizinischer Akupunktur erworben, die ich in ausgew\u00e4hlten F\u00e4llen erg\u00e4nzend nach den Grunds\u00e4tzen der modernen Medizin anwende.<\/p>\n\n\n\n<p class=\"has-black-color has-text-color has-link-color wp-elements-8eb7f4f252512921b2e08fcbd35fc7ae\" style=\"font-size:17px\">Neben Griechisch spreche ich Englisch und Deutsch.<\/p>\n<\/div><\/div>\n<\/div><\/div><\/div>\n\n<div style=\"height:40px\" aria-hidden=\"true\" class=\"wp-block-spacer\"><\/div>\n<div class=\"alignwide-wrap\" data-block=\"group\">\n<div class=\"wp-block-group alignwide has-white-color has-circle-right-gradient-background has-text-color has-background\" style=\"border-radius:60px;padding-top:90px;padding-right:6%;padding-bottom:60px;padding-left:6%\"><div class=\"wp-block-group__inner-container is-layout-flow wp-container-core-group-is-layout-d7869b8e wp-block-group-is-layout-flow\"><div class=\"alignwide-wrap\" data-block=\"columns\">\n<div class=\"wp-block-columns alignwide are-vertically-aligned-center\">\n<div class=\"wp-block-column is-vertically-aligned-center\" style=\"flex-basis:30%\">\n<div class=\"wp-block-buttons is-layout-flex wp-block-buttons-is-layout-flex\">\n<div class=\"wp-block-button has-custom-width wp-block-button__width-100\"><a class=\"wp-block-button__link has-black-color has-white-background-color has-text-color has-background has-m-font-size has-custom-font-size wp-element-button\" href=\"https:\/\/pathologosthermi.gr\/de\/kommunikation\/\">Termin buchen<\/a><\/div>\n<\/div>\n<\/div>\n<\/div>\n<\/div><\/div>\n<\/div><\/div>\n<div style=\"height:100px\" aria-hidden=\"true\" class=\"wp-block-spacer\"><\/div>\n","protected":false},"excerpt":{"rendered":"<div class=\"entry-summary\">\nDie Praxis In unserer Praxis bieten wir Ihnen eine qualitativ hochwertige medizinische Versorgung mit Respekt und Verantwortungsbewusstsein. Jeder Patient erh\u00e4lt bei uns einen individuellen Behandlungsansatz, der auf wissenschaftlichen Erkenntnissen und langj\u00e4hriger Erfahrung&hellip;\n<\/div>\n<div class=\"link-more-container\"><a href=\"https:\/\/pathologosthermi.gr\/de\/information\/\" class=\"link-more button\" aria-label=\"Continue reading Informationen\">Continue reading&hellip;<\/a><\/div>\n","protected":false},"author":2,"featured_media":0,"parent":0,"menu_order":0,"comment_status":"closed","ping_status":"closed","template":"templates\/no-intro.php","meta":{"inline_featured_image":false,"footnotes":""},"class_list":["post-2959","page","type-page","status-publish","hentry","entry","entry-type-page"],"yoast_head":"<!-- This site is optimized with the Yoast SEO plugin v27.2 - https:\/\/yoast.com\/product\/yoast-seo-wordpress\/ -->\n<title>Informationen | \u0391\u03bd\u03b1\u03b3\u03bd\u03ce\u03c3\u03c4\u03bf\u03c5 \u039e\u03b1\u03bd\u03b8\u03ae<\/title>\n<meta name=\"robots\" content=\"index, follow, max-snippet:-1, max-image-preview:large, max-video-preview:-1\" \/>\n<link rel=\"canonical\" href=\"https:\/\/pathologosthermi.gr\/de\/information\/\" \/>\n<meta property=\"og:locale\" content=\"de_DE\" \/>\n<meta property=\"og:type\" content=\"article\" \/>\n<meta property=\"og:title\" content=\"Informationen | \u0391\u03bd\u03b1\u03b3\u03bd\u03ce\u03c3\u03c4\u03bf\u03c5 \u039e\u03b1\u03bd\u03b8\u03ae\" \/>\n<meta property=\"og:description\" content=\"Die Praxis In unserer Praxis bieten wir Ihnen eine qualitativ hochwertige medizinische Versorgung mit Respekt und Verantwortungsbewusstsein. Jeder Patient erh\u00e4lt bei uns einen individuellen Behandlungsansatz, der auf wissenschaftlichen Erkenntnissen und langj\u00e4hriger Erfahrung&hellip; Continue reading&hellip;\" \/>\n<meta property=\"og:url\" content=\"https:\/\/pathologosthermi.gr\/de\/information\/\" \/>\n<meta property=\"og:site_name\" content=\"\u0391\u03bd\u03b1\u03b3\u03bd\u03ce\u03c3\u03c4\u03bf\u03c5 \u039e\u03b1\u03bd\u03b8\u03ae\" \/>\n<meta property=\"article:modified_time\" content=\"2026-03-17T12:38:48+00:00\" \/>\n<meta name=\"twitter:card\" content=\"summary_large_image\" \/>\n<meta name=\"twitter:label1\" content=\"Gesch\u00e4tzte Lesezeit\" \/>\n\t<meta name=\"twitter:data1\" content=\"1\u00a0Minute\" \/>\n<script type=\"application\/ld+json\" class=\"yoast-schema-graph\">{\"@context\":\"https:\/\/schema.org\",\"@graph\":[{\"@type\":\"WebPage\",\"@id\":\"https:\/\/pathologosthermi.gr\/de\/information\/\",\"url\":\"https:\/\/pathologosthermi.gr\/de\/information\/\",\"name\":\"Informationen | \u0391\u03bd\u03b1\u03b3\u03bd\u03ce\u03c3\u03c4\u03bf\u03c5 \u039e\u03b1\u03bd\u03b8\u03ae\",\"isPartOf\":{\"@id\":\"https:\/\/pathologosthermi.gr\/de\/#website\"},\"primaryImageOfPage\":{\"@id\":\"https:\/\/pathologosthermi.gr\/de\/information\/#primaryimage\"},\"image\":{\"@id\":\"https:\/\/pathologosthermi.gr\/de\/information\/#primaryimage\"},\"thumbnailUrl\":\"https:\/\/pathologosthermi.gr\/wp-content\/themes\/francesca\/assets\/images\/starter\/3to2--a.png?ver=v1.2.11\",\"datePublished\":\"2025-10-16T10:59:52+00:00\",\"dateModified\":\"2026-03-17T12:38:48+00:00\",\"breadcrumb\":{\"@id\":\"https:\/\/pathologosthermi.gr\/de\/information\/#breadcrumb\"},\"inLanguage\":\"de\",\"potentialAction\":[{\"@type\":\"ReadAction\",\"target\":[\"https:\/\/pathologosthermi.gr\/de\/information\/\"]}]},{\"@type\":\"ImageObject\",\"inLanguage\":\"de\",\"@id\":\"https:\/\/pathologosthermi.gr\/de\/information\/#primaryimage\",\"url\":\"https:\/\/pathologosthermi.gr\/wp-content\/themes\/francesca\/assets\/images\/starter\/3to2--a.png?ver=v1.2.11\",\"contentUrl\":\"https:\/\/pathologosthermi.gr\/wp-content\/themes\/francesca\/assets\/images\/starter\/3to2--a.png?ver=v1.2.11\"},{\"@type\":\"BreadcrumbList\",\"@id\":\"https:\/\/pathologosthermi.gr\/de\/information\/#breadcrumb\",\"itemListElement\":[{\"@type\":\"ListItem\",\"position\":1,\"name\":\"Home\",\"item\":\"https:\/\/pathologosthermi.gr\/de\/\"},{\"@type\":\"ListItem\",\"position\":2,\"name\":\"Informationen\"}]},{\"@type\":\"WebSite\",\"@id\":\"https:\/\/pathologosthermi.gr\/de\/#website\",\"url\":\"https:\/\/pathologosthermi.gr\/de\/\",\"name\":\"\u0391\u03bd\u03b1\u03b3\u03bd\u03ce\u03c3\u03c4\u03bf\u03c5 \u039e\u03b1\u03bd\u03b8\u03ae\",\"description\":\"\u0395\u03b9\u03b4\u03b9\u03ba\u03cc\u03c2 \u03a0\u03b1\u03b8\u03bf\u03bb\u03cc\u03b3\u03bf\u03c2 \u0398\u03ad\u03c1\u03bc\u03b7 \u0398\u03b5\u03c3\u03c3\u03b1\u03bb\u03bf\u03bd\u03af\u03ba\u03b7\u03c2\",\"publisher\":{\"@id\":\"https:\/\/pathologosthermi.gr\/de\/#organization\"},\"potentialAction\":[{\"@type\":\"SearchAction\",\"target\":{\"@type\":\"EntryPoint\",\"urlTemplate\":\"https:\/\/pathologosthermi.gr\/de\/?s={search_term_string}\"},\"query-input\":{\"@type\":\"PropertyValueSpecification\",\"valueRequired\":true,\"valueName\":\"search_term_string\"}}],\"inLanguage\":\"de\"},{\"@type\":\"Organization\",\"@id\":\"https:\/\/pathologosthermi.gr\/de\/#organization\",\"name\":\"\u0391\u03bd\u03b1\u03b3\u03bd\u03ce\u03c3\u03c4\u03bf\u03c5 \u039e\u03b1\u03bd\u03b8\u03ae\",\"url\":\"https:\/\/pathologosthermi.gr\/de\/\",\"logo\":{\"@type\":\"ImageObject\",\"inLanguage\":\"de\",\"@id\":\"https:\/\/pathologosthermi.gr\/de\/#\/schema\/logo\/image\/\",\"url\":\"https:\/\/pathologosthermi.gr\/wp-content\/uploads\/2025\/03\/drxanthi-logo1.png\",\"contentUrl\":\"https:\/\/pathologosthermi.gr\/wp-content\/uploads\/2025\/03\/drxanthi-logo1.png\",\"width\":600,\"height\":120,\"caption\":\"\u0391\u03bd\u03b1\u03b3\u03bd\u03ce\u03c3\u03c4\u03bf\u03c5 \u039e\u03b1\u03bd\u03b8\u03ae\"},\"image\":{\"@id\":\"https:\/\/pathologosthermi.gr\/de\/#\/schema\/logo\/image\/\"}}]}<\/script>\n<!-- \/ Yoast SEO plugin. -->","yoast_head_json":{"title":"Informationen | \u0391\u03bd\u03b1\u03b3\u03bd\u03ce\u03c3\u03c4\u03bf\u03c5 \u039e\u03b1\u03bd\u03b8\u03ae","robots":{"index":"index","follow":"follow","max-snippet":"max-snippet:-1","max-image-preview":"max-image-preview:large","max-video-preview":"max-video-preview:-1"},"canonical":"https:\/\/pathologosthermi.gr\/de\/information\/","og_locale":"de_DE","og_type":"article","og_title":"Informationen | \u0391\u03bd\u03b1\u03b3\u03bd\u03ce\u03c3\u03c4\u03bf\u03c5 \u039e\u03b1\u03bd\u03b8\u03ae","og_description":"Die Praxis In unserer Praxis bieten wir Ihnen eine qualitativ hochwertige medizinische Versorgung mit Respekt und Verantwortungsbewusstsein. Jeder Patient erh\u00e4lt bei uns einen individuellen Behandlungsansatz, der auf wissenschaftlichen Erkenntnissen und langj\u00e4hriger Erfahrung&hellip; Continue reading&hellip;","og_url":"https:\/\/pathologosthermi.gr\/de\/information\/","og_site_name":"\u0391\u03bd\u03b1\u03b3\u03bd\u03ce\u03c3\u03c4\u03bf\u03c5 \u039e\u03b1\u03bd\u03b8\u03ae","article_modified_time":"2026-03-17T12:38:48+00:00","twitter_card":"summary_large_image","twitter_misc":{"Gesch\u00e4tzte Lesezeit":"1\u00a0Minute"},"schema":{"@context":"https:\/\/schema.org","@graph":[{"@type":"WebPage","@id":"https:\/\/pathologosthermi.gr\/de\/information\/","url":"https:\/\/pathologosthermi.gr\/de\/information\/","name":"Informationen | \u0391\u03bd\u03b1\u03b3\u03bd\u03ce\u03c3\u03c4\u03bf\u03c5 \u039e\u03b1\u03bd\u03b8\u03ae","isPartOf":{"@id":"https:\/\/pathologosthermi.gr\/de\/#website"},"primaryImageOfPage":{"@id":"https:\/\/pathologosthermi.gr\/de\/information\/#primaryimage"},"image":{"@id":"https:\/\/pathologosthermi.gr\/de\/information\/#primaryimage"},"thumbnailUrl":"https:\/\/pathologosthermi.gr\/wp-content\/themes\/francesca\/assets\/images\/starter\/3to2--a.png?ver=v1.2.11","datePublished":"2025-10-16T10:59:52+00:00","dateModified":"2026-03-17T12:38:48+00:00","breadcrumb":{"@id":"https:\/\/pathologosthermi.gr\/de\/information\/#breadcrumb"},"inLanguage":"de","potentialAction":[{"@type":"ReadAction","target":["https:\/\/pathologosthermi.gr\/de\/information\/"]}]},{"@type":"ImageObject","inLanguage":"de","@id":"https:\/\/pathologosthermi.gr\/de\/information\/#primaryimage","url":"https:\/\/pathologosthermi.gr\/wp-content\/themes\/francesca\/assets\/images\/starter\/3to2--a.png?ver=v1.2.11","contentUrl":"https:\/\/pathologosthermi.gr\/wp-content\/themes\/francesca\/assets\/images\/starter\/3to2--a.png?ver=v1.2.11"},{"@type":"BreadcrumbList","@id":"https:\/\/pathologosthermi.gr\/de\/information\/#breadcrumb","itemListElement":[{"@type":"ListItem","position":1,"name":"Home","item":"https:\/\/pathologosthermi.gr\/de\/"},{"@type":"ListItem","position":2,"name":"Informationen"}]},{"@type":"WebSite","@id":"https:\/\/pathologosthermi.gr\/de\/#website","url":"https:\/\/pathologosthermi.gr\/de\/","name":"\u0391\u03bd\u03b1\u03b3\u03bd\u03ce\u03c3\u03c4\u03bf\u03c5 \u039e\u03b1\u03bd\u03b8\u03ae","description":"\u0395\u03b9\u03b4\u03b9\u03ba\u03cc\u03c2 \u03a0\u03b1\u03b8\u03bf\u03bb\u03cc\u03b3\u03bf\u03c2 \u0398\u03ad\u03c1\u03bc\u03b7 \u0398\u03b5\u03c3\u03c3\u03b1\u03bb\u03bf\u03bd\u03af\u03ba\u03b7\u03c2","publisher":{"@id":"https:\/\/pathologosthermi.gr\/de\/#organization"},"potentialAction":[{"@type":"SearchAction","target":{"@type":"EntryPoint","urlTemplate":"https:\/\/pathologosthermi.gr\/de\/?s={search_term_string}"},"query-input":{"@type":"PropertyValueSpecification","valueRequired":true,"valueName":"search_term_string"}}],"inLanguage":"de"},{"@type":"Organization","@id":"https:\/\/pathologosthermi.gr\/de\/#organization","name":"\u0391\u03bd\u03b1\u03b3\u03bd\u03ce\u03c3\u03c4\u03bf\u03c5 \u039e\u03b1\u03bd\u03b8\u03ae","url":"https:\/\/pathologosthermi.gr\/de\/","logo":{"@type":"ImageObject","inLanguage":"de","@id":"https:\/\/pathologosthermi.gr\/de\/#\/schema\/logo\/image\/","url":"https:\/\/pathologosthermi.gr\/wp-content\/uploads\/2025\/03\/drxanthi-logo1.png","contentUrl":"https:\/\/pathologosthermi.gr\/wp-content\/uploads\/2025\/03\/drxanthi-logo1.png","width":600,"height":120,"caption":"\u0391\u03bd\u03b1\u03b3\u03bd\u03ce\u03c3\u03c4\u03bf\u03c5 \u039e\u03b1\u03bd\u03b8\u03ae"},"image":{"@id":"https:\/\/pathologosthermi.gr\/de\/#\/schema\/logo\/image\/"}}]}},"_links":{"self":[{"href":"https:\/\/pathologosthermi.gr\/de\/wp-json\/wp\/v2\/pages\/2959","targetHints":{"allow":["GET"]}}],"collection":[{"href":"https:\/\/pathologosthermi.gr\/de\/wp-json\/wp\/v2\/pages"}],"about":[{"href":"https:\/\/pathologosthermi.gr\/de\/wp-json\/wp\/v2\/types\/page"}],"author":[{"embeddable":true,"href":"https:\/\/pathologosthermi.gr\/de\/wp-json\/wp\/v2\/users\/2"}],"replies":[{"embeddable":true,"href":"https:\/\/pathologosthermi.gr\/de\/wp-json\/wp\/v2\/comments?post=2959"}],"version-history":[{"count":5,"href":"https:\/\/pathologosthermi.gr\/de\/wp-json\/wp\/v2\/pages\/2959\/revisions"}],"predecessor-version":[{"id":3319,"href":"https:\/\/pathologosthermi.gr\/de\/wp-json\/wp\/v2\/pages\/2959\/revisions\/3319"}],"wp:attachment":[{"href":"https:\/\/pathologosthermi.gr\/de\/wp-json\/wp\/v2\/media?parent=2959"}],"curies":[{"name":"wp","href":"https:\/\/api.w.org\/{rel}","templated":true}]}}