{"id":2951,"date":"2025-11-04T00:48:56","date_gmt":"2025-11-03T22:48:56","guid":{"rendered":"https:\/\/pathologosthermi.gr\/haeufig-gestellte-fragen\/"},"modified":"2026-02-20T13:59:23","modified_gmt":"2026-02-20T11:59:23","slug":"haeufig-gestellte-fragen","status":"publish","type":"page","link":"https:\/\/pathologosthermi.gr\/de\/haeufig-gestellte-fragen\/","title":{"rendered":"H\u00e4ufig gestellte Fragen"},"content":{"rendered":"\n<div class=\"wp-block-cover alignfull has-custom-content-position is-position-bottom-center is-light\" style=\"padding-bottom:90px;min-height:475px;aspect-ratio:unset;\"><img decoding=\"async\" class=\"wp-block-cover__image-background wp-image-999999\" alt=\"\" src=\"https:\/\/pathologosthermi.gr\/wp-content\/themes\/francesca\/assets\/images\/starter\/3to2--a.png?ver=v1.2.11\" style=\"object-position:50% 100%\" data-object-fit=\"cover\" data-object-position=\"50% 100%\" \/><span aria-hidden=\"true\" class=\"wp-block-cover__background has-background-dim-100 has-background-dim wp-block-cover__gradient-background has-background-gradient has-circle-right-gradient-background\"><\/span><div class=\"wp-block-cover__inner-container is-layout-flow wp-block-cover-is-layout-flow\">\n<h1 class=\"wp-block-heading has-text-align-center has-text-color has-link-color has-heading-3-font-size wp-elements-44ff1b9717c75d6a29f6c7b2546728c8\" style=\"color:#001e4a\">H\u00e4ufig gestellte Fragen<\/h1>\n<\/div><\/div>\n\n<div style=\"height:100px\" aria-hidden=\"true\" class=\"wp-block-spacer\"><\/div>\n\n<div class=\"wp-block-group alignfull is-style-no-margin-vertical\" style=\"padding-top:60px;padding-bottom:30px\"><div class=\"wp-block-group__inner-container is-layout-flow wp-block-group-is-layout-flow\"><div class=\"alignwide-wrap\" data-block=\"columns\">\n<div class=\"wp-block-columns alignwide\">\n<div class=\"wp-block-column is-style-alignleft\" style=\"flex-basis:66.66%\">\n<h2 class=\"wp-block-heading has-heading-4-font-size\">Wie funktioniert die digitale Rezeptausstellung?<\/h2>\n<\/div>\n<\/div>\n<\/div>\n\n<div class=\"alignwide-wrap\" data-block=\"columns\">\n<div class=\"wp-block-columns alignwide\">\n<div class=\"wp-block-column is-style-alignright\" style=\"flex-basis:640px\">\n<p>Die papierlose Rezeptausstellung wird durch das neue digitale Portal der \u00f6ffentlichen Verwaltung erm\u00f6glicht. Dabei handelt es sich um einen Service, bei dem Rezepte und \u00dcberweisungen elektronisch ausgestellt werden, ohne dass ein Papierformular ben\u00f6tigt wird. Die physische Anwesenheit der Patienten in der Arztpraxis ist nicht erforderlich.  <\/p>\n\n\n\n<p>F\u00fcr den Patienten muss der Service auf der neuen digitalen Plattform aktiviert werden. Anschlie\u00dfend kontaktiert er seinen behandelnden Arzt und informiert ihn \u00fcber die Aktivierung des virtuellen Rezepts. Nach Fertigstellung des Rezepts erh\u00e4lt der Patient einen Code, mit dem er die Medikamente in der Apotheke abholen oder sich an das Diagnosezentrum \u00fcberweisen lassen kann.  <br \/><\/p>\n\n\n\n<p>Bei der Nutzung dieses Dienstes ist Vorsicht geboten. Wie die Panhellenische \u00c4rztekammer klargestellt hat, ist das Online-Rezept Teil der \u00e4rztlichen Untersuchung. Das neue Online-Rezeptsystem darf keinesfalls als Medikamentenbestellung verstanden werden. Der Arzt ist nicht verpflichtet, einem Patienten ein Rezept auszustellen, den er nicht kennt und nicht untersucht hat. Dies erleichtert die Versorgung chronisch kranker Patienten, deren Behandlung sich nicht h\u00e4ufig \u00e4ndert.    <\/p>\n<\/div>\n<\/div>\n<\/div><\/div><\/div>\n\n<div style=\"height:100px\" aria-hidden=\"true\" class=\"wp-block-spacer\"><\/div>\n\n<div class=\"wp-block-group alignfull is-style-blob-top has-white-color has-gray-900-background-color has-text-color has-background\" style=\"padding-top:90px;padding-bottom:0px\"><div class=\"wp-block-group__inner-container is-layout-flow wp-block-group-is-layout-flow\"><\/div><\/div>\n","protected":false},"excerpt":{"rendered":"<div class=\"entry-summary\">\nWie funktioniert die digitale Rezeptausstellung? Die papierlose Rezeptausstellung wird durch das neue digitale Portal der \u00f6ffentlichen Verwaltung erm\u00f6glicht. Dabei handelt es sich um einen Service, bei dem Rezepte und \u00dcberweisungen elektronisch ausgestellt&hellip;\n<\/div>\n<div class=\"link-more-container\"><a href=\"https:\/\/pathologosthermi.gr\/de\/haeufig-gestellte-fragen\/\" class=\"link-more button\" aria-label=\"Continue reading H\u00e4ufig gestellte Fragen\">Continue reading&hellip;<\/a><\/div>\n","protected":false},"author":2,"featured_media":0,"parent":0,"menu_order":0,"comment_status":"closed","ping_status":"closed","template":"templates\/no-intro.php","meta":{"inline_featured_image":false,"footnotes":""},"class_list":["post-2951","page","type-page","status-publish","hentry","entry","entry-type-page"],"yoast_head":"<!-- This site is optimized with the Yoast SEO plugin v27.2 - https:\/\/yoast.com\/product\/yoast-seo-wordpress\/ -->\n<title>H\u00e4ufig gestellte Fragen | \u0391\u03bd\u03b1\u03b3\u03bd\u03ce\u03c3\u03c4\u03bf\u03c5 \u039e\u03b1\u03bd\u03b8\u03ae<\/title>\n<meta name=\"robots\" content=\"index, follow, max-snippet:-1, max-image-preview:large, max-video-preview:-1\" \/>\n<link rel=\"canonical\" href=\"https:\/\/pathologosthermi.gr\/de\/haeufig-gestellte-fragen\/\" \/>\n<meta property=\"og:locale\" content=\"de_DE\" \/>\n<meta property=\"og:type\" content=\"article\" \/>\n<meta property=\"og:title\" content=\"H\u00e4ufig gestellte Fragen | \u0391\u03bd\u03b1\u03b3\u03bd\u03ce\u03c3\u03c4\u03bf\u03c5 \u039e\u03b1\u03bd\u03b8\u03ae\" \/>\n<meta property=\"og:description\" content=\"Wie funktioniert die digitale Rezeptausstellung? Die papierlose Rezeptausstellung wird durch das neue digitale Portal der \u00f6ffentlichen Verwaltung erm\u00f6glicht. Dabei handelt es sich um einen Service, bei dem Rezepte und \u00dcberweisungen elektronisch ausgestellt&hellip; Continue reading&hellip;\" \/>\n<meta property=\"og:url\" content=\"https:\/\/pathologosthermi.gr\/de\/haeufig-gestellte-fragen\/\" \/>\n<meta property=\"og:site_name\" content=\"\u0391\u03bd\u03b1\u03b3\u03bd\u03ce\u03c3\u03c4\u03bf\u03c5 \u039e\u03b1\u03bd\u03b8\u03ae\" \/>\n<meta property=\"article:modified_time\" content=\"2026-02-20T11:59:23+00:00\" \/>\n<meta name=\"twitter:card\" content=\"summary_large_image\" \/>\n<meta name=\"twitter:label1\" content=\"Gesch\u00e4tzte Lesezeit\" \/>\n\t<meta name=\"twitter:data1\" content=\"1\u00a0Minute\" \/>\n<script type=\"application\/ld+json\" class=\"yoast-schema-graph\">{\"@context\":\"https:\/\/schema.org\",\"@graph\":[{\"@type\":\"WebPage\",\"@id\":\"https:\/\/pathologosthermi.gr\/de\/haeufig-gestellte-fragen\/\",\"url\":\"https:\/\/pathologosthermi.gr\/de\/haeufig-gestellte-fragen\/\",\"name\":\"H\u00e4ufig gestellte Fragen | \u0391\u03bd\u03b1\u03b3\u03bd\u03ce\u03c3\u03c4\u03bf\u03c5 \u039e\u03b1\u03bd\u03b8\u03ae\",\"isPartOf\":{\"@id\":\"https:\/\/pathologosthermi.gr\/de\/#website\"},\"primaryImageOfPage\":{\"@id\":\"https:\/\/pathologosthermi.gr\/de\/haeufig-gestellte-fragen\/#primaryimage\"},\"image\":{\"@id\":\"https:\/\/pathologosthermi.gr\/de\/haeufig-gestellte-fragen\/#primaryimage\"},\"thumbnailUrl\":\"https:\/\/pathologosthermi.gr\/wp-content\/themes\/francesca\/assets\/images\/starter\/3to2--a.png?ver=v1.2.11\",\"datePublished\":\"2025-11-03T22:48:56+00:00\",\"dateModified\":\"2026-02-20T11:59:23+00:00\",\"breadcrumb\":{\"@id\":\"https:\/\/pathologosthermi.gr\/de\/haeufig-gestellte-fragen\/#breadcrumb\"},\"inLanguage\":\"de\",\"potentialAction\":[{\"@type\":\"ReadAction\",\"target\":[\"https:\/\/pathologosthermi.gr\/de\/haeufig-gestellte-fragen\/\"]}]},{\"@type\":\"ImageObject\",\"inLanguage\":\"de\",\"@id\":\"https:\/\/pathologosthermi.gr\/de\/haeufig-gestellte-fragen\/#primaryimage\",\"url\":\"https:\/\/pathologosthermi.gr\/wp-content\/themes\/francesca\/assets\/images\/starter\/3to2--a.png?ver=v1.2.11\",\"contentUrl\":\"https:\/\/pathologosthermi.gr\/wp-content\/themes\/francesca\/assets\/images\/starter\/3to2--a.png?ver=v1.2.11\"},{\"@type\":\"BreadcrumbList\",\"@id\":\"https:\/\/pathologosthermi.gr\/de\/haeufig-gestellte-fragen\/#breadcrumb\",\"itemListElement\":[{\"@type\":\"ListItem\",\"position\":1,\"name\":\"Home\",\"item\":\"https:\/\/pathologosthermi.gr\/de\/\"},{\"@type\":\"ListItem\",\"position\":2,\"name\":\"H\u00e4ufig gestellte Fragen\"}]},{\"@type\":\"WebSite\",\"@id\":\"https:\/\/pathologosthermi.gr\/de\/#website\",\"url\":\"https:\/\/pathologosthermi.gr\/de\/\",\"name\":\"\u0391\u03bd\u03b1\u03b3\u03bd\u03ce\u03c3\u03c4\u03bf\u03c5 \u039e\u03b1\u03bd\u03b8\u03ae\",\"description\":\"\u0395\u03b9\u03b4\u03b9\u03ba\u03cc\u03c2 \u03a0\u03b1\u03b8\u03bf\u03bb\u03cc\u03b3\u03bf\u03c2 \u0398\u03ad\u03c1\u03bc\u03b7 \u0398\u03b5\u03c3\u03c3\u03b1\u03bb\u03bf\u03bd\u03af\u03ba\u03b7\u03c2\",\"publisher\":{\"@id\":\"https:\/\/pathologosthermi.gr\/de\/#organization\"},\"potentialAction\":[{\"@type\":\"SearchAction\",\"target\":{\"@type\":\"EntryPoint\",\"urlTemplate\":\"https:\/\/pathologosthermi.gr\/de\/?s={search_term_string}\"},\"query-input\":{\"@type\":\"PropertyValueSpecification\",\"valueRequired\":true,\"valueName\":\"search_term_string\"}}],\"inLanguage\":\"de\"},{\"@type\":\"Organization\",\"@id\":\"https:\/\/pathologosthermi.gr\/de\/#organization\",\"name\":\"\u0391\u03bd\u03b1\u03b3\u03bd\u03ce\u03c3\u03c4\u03bf\u03c5 \u039e\u03b1\u03bd\u03b8\u03ae\",\"url\":\"https:\/\/pathologosthermi.gr\/de\/\",\"logo\":{\"@type\":\"ImageObject\",\"inLanguage\":\"de\",\"@id\":\"https:\/\/pathologosthermi.gr\/de\/#\/schema\/logo\/image\/\",\"url\":\"https:\/\/pathologosthermi.gr\/wp-content\/uploads\/2025\/03\/drxanthi-logo1.png\",\"contentUrl\":\"https:\/\/pathologosthermi.gr\/wp-content\/uploads\/2025\/03\/drxanthi-logo1.png\",\"width\":600,\"height\":120,\"caption\":\"\u0391\u03bd\u03b1\u03b3\u03bd\u03ce\u03c3\u03c4\u03bf\u03c5 \u039e\u03b1\u03bd\u03b8\u03ae\"},\"image\":{\"@id\":\"https:\/\/pathologosthermi.gr\/de\/#\/schema\/logo\/image\/\"}}]}<\/script>\n<!-- \/ Yoast SEO plugin. -->","yoast_head_json":{"title":"H\u00e4ufig gestellte Fragen | \u0391\u03bd\u03b1\u03b3\u03bd\u03ce\u03c3\u03c4\u03bf\u03c5 \u039e\u03b1\u03bd\u03b8\u03ae","robots":{"index":"index","follow":"follow","max-snippet":"max-snippet:-1","max-image-preview":"max-image-preview:large","max-video-preview":"max-video-preview:-1"},"canonical":"https:\/\/pathologosthermi.gr\/de\/haeufig-gestellte-fragen\/","og_locale":"de_DE","og_type":"article","og_title":"H\u00e4ufig gestellte Fragen | \u0391\u03bd\u03b1\u03b3\u03bd\u03ce\u03c3\u03c4\u03bf\u03c5 \u039e\u03b1\u03bd\u03b8\u03ae","og_description":"Wie funktioniert die digitale Rezeptausstellung? Die papierlose Rezeptausstellung wird durch das neue digitale Portal der \u00f6ffentlichen Verwaltung erm\u00f6glicht. Dabei handelt es sich um einen Service, bei dem Rezepte und \u00dcberweisungen elektronisch ausgestellt&hellip; Continue reading&hellip;","og_url":"https:\/\/pathologosthermi.gr\/de\/haeufig-gestellte-fragen\/","og_site_name":"\u0391\u03bd\u03b1\u03b3\u03bd\u03ce\u03c3\u03c4\u03bf\u03c5 \u039e\u03b1\u03bd\u03b8\u03ae","article_modified_time":"2026-02-20T11:59:23+00:00","twitter_card":"summary_large_image","twitter_misc":{"Gesch\u00e4tzte Lesezeit":"1\u00a0Minute"},"schema":{"@context":"https:\/\/schema.org","@graph":[{"@type":"WebPage","@id":"https:\/\/pathologosthermi.gr\/de\/haeufig-gestellte-fragen\/","url":"https:\/\/pathologosthermi.gr\/de\/haeufig-gestellte-fragen\/","name":"H\u00e4ufig gestellte Fragen | \u0391\u03bd\u03b1\u03b3\u03bd\u03ce\u03c3\u03c4\u03bf\u03c5 \u039e\u03b1\u03bd\u03b8\u03ae","isPartOf":{"@id":"https:\/\/pathologosthermi.gr\/de\/#website"},"primaryImageOfPage":{"@id":"https:\/\/pathologosthermi.gr\/de\/haeufig-gestellte-fragen\/#primaryimage"},"image":{"@id":"https:\/\/pathologosthermi.gr\/de\/haeufig-gestellte-fragen\/#primaryimage"},"thumbnailUrl":"https:\/\/pathologosthermi.gr\/wp-content\/themes\/francesca\/assets\/images\/starter\/3to2--a.png?ver=v1.2.11","datePublished":"2025-11-03T22:48:56+00:00","dateModified":"2026-02-20T11:59:23+00:00","breadcrumb":{"@id":"https:\/\/pathologosthermi.gr\/de\/haeufig-gestellte-fragen\/#breadcrumb"},"inLanguage":"de","potentialAction":[{"@type":"ReadAction","target":["https:\/\/pathologosthermi.gr\/de\/haeufig-gestellte-fragen\/"]}]},{"@type":"ImageObject","inLanguage":"de","@id":"https:\/\/pathologosthermi.gr\/de\/haeufig-gestellte-fragen\/#primaryimage","url":"https:\/\/pathologosthermi.gr\/wp-content\/themes\/francesca\/assets\/images\/starter\/3to2--a.png?ver=v1.2.11","contentUrl":"https:\/\/pathologosthermi.gr\/wp-content\/themes\/francesca\/assets\/images\/starter\/3to2--a.png?ver=v1.2.11"},{"@type":"BreadcrumbList","@id":"https:\/\/pathologosthermi.gr\/de\/haeufig-gestellte-fragen\/#breadcrumb","itemListElement":[{"@type":"ListItem","position":1,"name":"Home","item":"https:\/\/pathologosthermi.gr\/de\/"},{"@type":"ListItem","position":2,"name":"H\u00e4ufig gestellte Fragen"}]},{"@type":"WebSite","@id":"https:\/\/pathologosthermi.gr\/de\/#website","url":"https:\/\/pathologosthermi.gr\/de\/","name":"\u0391\u03bd\u03b1\u03b3\u03bd\u03ce\u03c3\u03c4\u03bf\u03c5 \u039e\u03b1\u03bd\u03b8\u03ae","description":"\u0395\u03b9\u03b4\u03b9\u03ba\u03cc\u03c2 \u03a0\u03b1\u03b8\u03bf\u03bb\u03cc\u03b3\u03bf\u03c2 \u0398\u03ad\u03c1\u03bc\u03b7 \u0398\u03b5\u03c3\u03c3\u03b1\u03bb\u03bf\u03bd\u03af\u03ba\u03b7\u03c2","publisher":{"@id":"https:\/\/pathologosthermi.gr\/de\/#organization"},"potentialAction":[{"@type":"SearchAction","target":{"@type":"EntryPoint","urlTemplate":"https:\/\/pathologosthermi.gr\/de\/?s={search_term_string}"},"query-input":{"@type":"PropertyValueSpecification","valueRequired":true,"valueName":"search_term_string"}}],"inLanguage":"de"},{"@type":"Organization","@id":"https:\/\/pathologosthermi.gr\/de\/#organization","name":"\u0391\u03bd\u03b1\u03b3\u03bd\u03ce\u03c3\u03c4\u03bf\u03c5 \u039e\u03b1\u03bd\u03b8\u03ae","url":"https:\/\/pathologosthermi.gr\/de\/","logo":{"@type":"ImageObject","inLanguage":"de","@id":"https:\/\/pathologosthermi.gr\/de\/#\/schema\/logo\/image\/","url":"https:\/\/pathologosthermi.gr\/wp-content\/uploads\/2025\/03\/drxanthi-logo1.png","contentUrl":"https:\/\/pathologosthermi.gr\/wp-content\/uploads\/2025\/03\/drxanthi-logo1.png","width":600,"height":120,"caption":"\u0391\u03bd\u03b1\u03b3\u03bd\u03ce\u03c3\u03c4\u03bf\u03c5 \u039e\u03b1\u03bd\u03b8\u03ae"},"image":{"@id":"https:\/\/pathologosthermi.gr\/de\/#\/schema\/logo\/image\/"}}]}},"_links":{"self":[{"href":"https:\/\/pathologosthermi.gr\/de\/wp-json\/wp\/v2\/pages\/2951","targetHints":{"allow":["GET"]}}],"collection":[{"href":"https:\/\/pathologosthermi.gr\/de\/wp-json\/wp\/v2\/pages"}],"about":[{"href":"https:\/\/pathologosthermi.gr\/de\/wp-json\/wp\/v2\/types\/page"}],"author":[{"embeddable":true,"href":"https:\/\/pathologosthermi.gr\/de\/wp-json\/wp\/v2\/users\/2"}],"replies":[{"embeddable":true,"href":"https:\/\/pathologosthermi.gr\/de\/wp-json\/wp\/v2\/comments?post=2951"}],"version-history":[{"count":0,"href":"https:\/\/pathologosthermi.gr\/de\/wp-json\/wp\/v2\/pages\/2951\/revisions"}],"wp:attachment":[{"href":"https:\/\/pathologosthermi.gr\/de\/wp-json\/wp\/v2\/media?parent=2951"}],"curies":[{"name":"wp","href":"https:\/\/api.w.org\/{rel}","templated":true}]}}