{"id":2943,"date":"2026-01-14T13:04:49","date_gmt":"2026-01-14T11:04:49","guid":{"rendered":"https:\/\/pathologosthermi.gr\/klinikdienste\/pathologische-dienstleistungen\/praeventivmedizin\/"},"modified":"2026-03-18T12:36:07","modified_gmt":"2026-03-18T10:36:07","slug":"praeventivmedizin","status":"publish","type":"page","link":"https:\/\/pathologosthermi.gr\/de\/klinikdienste\/pathologische-dienstleistungen\/praeventivmedizin\/","title":{"rendered":"Pr\u00e4ventivmedizin"},"content":{"rendered":"\n<div class=\"wp-block-cover alignfull has-custom-content-position is-position-bottom-center is-light\" style=\"padding-bottom:90px;min-height:475px;aspect-ratio:unset;\"><img decoding=\"async\" class=\"wp-block-cover__image-background wp-image-999999\" alt=\"\" src=\"https:\/\/pathologosthermi.gr\/wp-content\/themes\/francesca\/assets\/images\/starter\/3to2u002du002da.png?ver=v1.2.11\" style=\"object-position:50% 100%\" data-object-fit=\"cover\" data-object-position=\"50% 100%\"\/><span aria-hidden=\"true\" class=\"wp-block-cover__background has-background-dim-100 has-background-dim wp-block-cover__gradient-background has-background-gradient has-circle-right-gradient-background\"><\/span><div class=\"wp-block-cover__inner-container is-layout-flow wp-block-cover-is-layout-flow\">\n<h1 class=\"wp-block-heading has-text-align-center has-text-color has-link-color has-heading-3-font-size wp-elements-aaf5cea465a265ccd3c71a0ee870f13e\" style=\"color:#001e4a\">Leistungen<br\/>der<br\/>Pr\u00e4ventivmedizin<\/h1>\n<\/div><\/div>\n\n<div class=\"wp-block-group alignfull is-style-blob-top has-black-color has-white-background-color has-text-color has-background\" style=\"padding-top:40px;padding-bottom:0px\"><div class=\"wp-block-group__inner-container is-layout-flow wp-block-group-is-layout-flow\"><div class=\"alignwide-wrap\" data-block=\"columns\">\n<div class=\"wp-block-columns alignwide is-style-no-margin-vertical\">\n<div class=\"wp-block-column is-style-no-margin-vertical\">\n<div class=\"wp-block-columns are-vertically-aligned-top is-style-no-margin-vertical\" style=\"border-style:none;border-width:0px\">\n<div class=\"wp-block-column is-vertically-aligned-top is-style-default\" style=\"flex-basis:900px\">\n<p class=\"has-text-align-center\">Die Pr\u00e4ventivmedizin stellt einen Grundpfeiler f\u00fcr den Erhalt der Gesundheit und die fr\u00fchzeitige Erkennung m\u00f6glicher Erkrankungen dar.<br\/><br\/>Mit einer individuellen Herangehensweise und wissenschaftlicher Sorgfalt zielen Vorsorgeuntersuchungen und klinische Untersuchungen nicht nur darauf ab, gesundheitliche Probleme zu behandeln, wenn sie auftreten, sondern vor allem darauf, ihnen vorzubeugen und so wesentlich zu einer besseren Lebensqualit\u00e4t beizutragen. <br\/><\/p>\n<\/div>\n<\/div>\n<\/div>\n<\/div>\n<\/div><\/div><\/div>\n\n<div class=\"wp-block-group alignfull is-style-no-margin-vertical has-black-color has-white-background-color has-text-color has-background\" style=\"padding-top:40px;padding-bottom:0px\"><div class=\"wp-block-group__inner-container is-layout-flow wp-block-group-is-layout-flow\"><div class=\"alignwide-wrap\" data-block=\"columns\">\n<div class=\"wp-block-columns alignwide is-style-stacked-on-tablet\" style=\"padding-top:0px;padding-bottom:0px\">\n<div class=\"wp-block-column is-style-no-margin-vertical\" style=\"padding-top:0px;padding-bottom:0px\">\n<div class=\"wp-block-columns are-vertically-aligned-top is-style-no-margin-vertical\" style=\"border-style:none;border-width:0px\">\n<div class=\"wp-block-column is-vertically-aligned-top is-style-no-margin-vertical\">\n<h2 class=\"wp-block-heading has-text-align-left is-style-default has-xxl-font-size\"><br\/>Vorsorgeuntersuchungen (Check-ups)<\/h2>\n\n\n\n<div style=\"height:30px\" aria-hidden=\"true\" class=\"wp-block-spacer\"><\/div>\n<\/div>\n<\/div>\n<\/div>\n<\/div>\n<\/div><\/div><\/div>\n\n<div class=\"wp-block-group alignfull is-style-blob-top has-black-color has-white-background-color has-text-color has-background has-link-color wp-elements-b3133060a2512466fa1d6842186fd7a9\" style=\"min-height:0px;margin-top:0;margin-bottom:0;padding-top:10px;padding-bottom:0px\"><div class=\"wp-block-group__inner-container is-layout-flow wp-container-core-group-is-layout-09ad1b45 wp-block-group-is-layout-flow\"><div class=\"alignwide-wrap\" data-block=\"columns\">\n<div class=\"wp-block-columns alignwide is-style-stacked-on-tablet\" style=\"margin-bottom:30px\">\n<div class=\"wp-block-column\">\n<p>Im Rahmen eines Vorsorgetermins erfolgt zun\u00e4chst eine ausf\u00fchrliche Anamnese sowie eine vollst\u00e4ndige klinische Untersuchung. Anschlie\u00dfend wird \u2013 abh\u00e4ngig von Alter, Geschlecht und eventuellen Vorerkrankungen \u2013 die entsprechende weiterf\u00fchrende Diagnostik (labor- und apparative Untersuchungen) verordnet.<br\/><br\/>Dar\u00fcber hinaus erhalten Sie \u00e4rztliche Beratung zu Themen der Gesundheitsvorsorge und zu empfohlenen Impfungen.  <\/p>\n<\/div>\n<\/div>\n<\/div><\/div><\/div>\n\n<div class=\"wp-block-group alignfull is-style-no-margin-vertical has-black-color has-white-background-color has-text-color has-background\" style=\"padding-top:40px;padding-bottom:0px\"><div class=\"wp-block-group__inner-container is-layout-flow wp-block-group-is-layout-flow\"><div class=\"alignwide-wrap\" data-block=\"columns\">\n<div class=\"wp-block-columns alignwide is-style-stacked-on-tablet\" style=\"padding-top:0px;padding-bottom:0px\">\n<div class=\"wp-block-column is-style-no-margin-vertical\" style=\"padding-top:0px;padding-bottom:0px\">\n<div class=\"wp-block-columns are-vertically-aligned-top is-style-no-margin-vertical\" style=\"border-style:none;border-width:0px\">\n<div class=\"wp-block-column is-vertically-aligned-top is-style-no-margin-vertical\">\n<h2 class=\"wp-block-heading has-text-align-left is-style-default has-xxl-font-size\"><br\/>Klinische Untersuchung<\/h2>\n\n\n\n<div style=\"height:30px\" aria-hidden=\"true\" class=\"wp-block-spacer\"><\/div>\n<\/div>\n<\/div>\n<\/div>\n<\/div>\n<\/div><\/div><\/div>\n\n<div class=\"wp-block-group alignfull is-style-blob-top has-black-color has-white-background-color has-text-color has-background has-link-color wp-elements-3ff9df7d006ed5d29e185f81421f9af9\" style=\"min-height:0px;margin-top:0;margin-bottom:0;padding-top:10px;padding-bottom:0px\"><div class=\"wp-block-group__inner-container is-layout-flow wp-container-core-group-is-layout-09ad1b45 wp-block-group-is-layout-flow\"><div class=\"alignwide-wrap\" data-block=\"columns\">\n<div class=\"wp-block-columns alignwide is-style-stacked-on-tablet\" style=\"margin-bottom:30px\">\n<div class=\"wp-block-column\">\n<p>Die systematische klinische Untersuchung in Kombination mit der ausf\u00fchrlichen Erhebung der Anamnese bildet die Grundlage der medizinischen Beurteilung \u2013 unabh\u00e4ngig davon, ob der Patient aufgrund akuter Beschwerden, zur Verlaufskontrolle chronischer Erkrankungen oder im Rahmen einer Vorsorgeuntersuchung (Check-up) vorstellig wird.<\/p>\n<\/div>\n<\/div>\n<\/div><\/div><\/div>\n\n<div style=\"height:80px\" aria-hidden=\"true\" class=\"wp-block-spacer\"><\/div>\n<div class=\"alignwide-wrap\" data-block=\"group\">\n<div class=\"wp-block-group alignwide has-white-color has-circle-right-gradient-background has-text-color has-background\" style=\"border-radius:60px;padding-top:90px;padding-right:6%;padding-bottom:60px;padding-left:6%\"><div class=\"wp-block-group__inner-container is-layout-flow wp-container-core-group-is-layout-d7869b8e wp-block-group-is-layout-flow\"><div class=\"alignwide-wrap\" data-block=\"columns\">\n<div class=\"wp-block-columns alignwide are-vertically-aligned-center\">\n<div class=\"wp-block-column is-vertically-aligned-center\" style=\"flex-basis:30%\">\n<div class=\"wp-block-buttons is-layout-flex wp-block-buttons-is-layout-flex\">\n<div class=\"wp-block-button has-custom-width wp-block-button__width-100\"><a class=\"wp-block-button__link has-black-color has-white-background-color has-text-color has-background has-m-font-size has-custom-font-size wp-element-button\" href=\"https:\/\/pathologosthermi.gr\/de\/kommunikation\/\">Termin buchen<\/a><\/div>\n<\/div>\n<\/div>\n<\/div>\n<\/div><\/div>\n<\/div><\/div>\n<div style=\"height:100px\" aria-hidden=\"true\" class=\"wp-block-spacer\"><\/div>\n","protected":false},"excerpt":{"rendered":"<div class=\"entry-summary\">\nDie Pr\u00e4ventivmedizin stellt einen Grundpfeiler f\u00fcr den Erhalt der Gesundheit und die fr\u00fchzeitige Erkennung m\u00f6glicher Erkrankungen dar. Mit einer individuellen Herangehensweise und wissenschaftlicher Sorgfalt zielen Vorsorgeuntersuchungen und klinische Untersuchungen nicht nur darauf&hellip;\n<\/div>\n<div class=\"link-more-container\"><a href=\"https:\/\/pathologosthermi.gr\/de\/klinikdienste\/pathologische-dienstleistungen\/praeventivmedizin\/\" class=\"link-more button\" aria-label=\"Continue reading Pr\u00e4ventivmedizin\">Continue reading&hellip;<\/a><\/div>\n","protected":false},"author":1,"featured_media":0,"parent":2917,"menu_order":10,"comment_status":"closed","ping_status":"closed","template":"templates\/no-intro.php","meta":{"inline_featured_image":false,"footnotes":""},"class_list":["post-2943","page","type-page","status-publish","hentry","entry","entry-type-page"],"yoast_head":"<!-- This site is optimized with the Yoast SEO plugin v27.2 - https:\/\/yoast.com\/product\/yoast-seo-wordpress\/ -->\n<title>Pr\u00e4ventivmedizin | \u0391\u03bd\u03b1\u03b3\u03bd\u03ce\u03c3\u03c4\u03bf\u03c5 \u039e\u03b1\u03bd\u03b8\u03ae<\/title>\n<meta name=\"robots\" content=\"index, follow, max-snippet:-1, max-image-preview:large, max-video-preview:-1\" \/>\n<link rel=\"canonical\" href=\"https:\/\/pathologosthermi.gr\/de\/klinikdienste\/pathologische-dienstleistungen\/praeventivmedizin\/\" \/>\n<meta property=\"og:locale\" content=\"de_DE\" \/>\n<meta property=\"og:type\" content=\"article\" \/>\n<meta property=\"og:title\" content=\"Pr\u00e4ventivmedizin | \u0391\u03bd\u03b1\u03b3\u03bd\u03ce\u03c3\u03c4\u03bf\u03c5 \u039e\u03b1\u03bd\u03b8\u03ae\" \/>\n<meta property=\"og:description\" content=\"Die Pr\u00e4ventivmedizin stellt einen Grundpfeiler f\u00fcr den Erhalt der Gesundheit und die fr\u00fchzeitige Erkennung m\u00f6glicher Erkrankungen dar. Mit einer individuellen Herangehensweise und wissenschaftlicher Sorgfalt zielen Vorsorgeuntersuchungen und klinische Untersuchungen nicht nur darauf&hellip; Continue reading&hellip;\" \/>\n<meta property=\"og:url\" content=\"https:\/\/pathologosthermi.gr\/de\/klinikdienste\/pathologische-dienstleistungen\/praeventivmedizin\/\" \/>\n<meta property=\"og:site_name\" content=\"\u0391\u03bd\u03b1\u03b3\u03bd\u03ce\u03c3\u03c4\u03bf\u03c5 \u039e\u03b1\u03bd\u03b8\u03ae\" \/>\n<meta property=\"article:modified_time\" content=\"2026-03-18T10:36:07+00:00\" \/>\n<meta name=\"twitter:card\" content=\"summary_large_image\" \/>\n<meta name=\"twitter:label1\" content=\"Gesch\u00e4tzte Lesezeit\" \/>\n\t<meta name=\"twitter:data1\" content=\"1\u00a0Minute\" \/>\n<script type=\"application\/ld+json\" class=\"yoast-schema-graph\">{\"@context\":\"https:\/\/schema.org\",\"@graph\":[{\"@type\":\"WebPage\",\"@id\":\"https:\/\/pathologosthermi.gr\/de\/klinikdienste\/pathologische-dienstleistungen\/praeventivmedizin\/\",\"url\":\"https:\/\/pathologosthermi.gr\/de\/klinikdienste\/pathologische-dienstleistungen\/praeventivmedizin\/\",\"name\":\"Pr\u00e4ventivmedizin | \u0391\u03bd\u03b1\u03b3\u03bd\u03ce\u03c3\u03c4\u03bf\u03c5 \u039e\u03b1\u03bd\u03b8\u03ae\",\"isPartOf\":{\"@id\":\"https:\/\/pathologosthermi.gr\/de\/#website\"},\"primaryImageOfPage\":{\"@id\":\"https:\/\/pathologosthermi.gr\/de\/klinikdienste\/pathologische-dienstleistungen\/praeventivmedizin\/#primaryimage\"},\"image\":{\"@id\":\"https:\/\/pathologosthermi.gr\/de\/klinikdienste\/pathologische-dienstleistungen\/praeventivmedizin\/#primaryimage\"},\"thumbnailUrl\":\"https:\/\/pathologosthermi.gr\/wp-content\/themes\/francesca\/assets\/images\/starter\/3to2u002du002da.png?ver=v1.2.11\",\"datePublished\":\"2026-01-14T11:04:49+00:00\",\"dateModified\":\"2026-03-18T10:36:07+00:00\",\"breadcrumb\":{\"@id\":\"https:\/\/pathologosthermi.gr\/de\/klinikdienste\/pathologische-dienstleistungen\/praeventivmedizin\/#breadcrumb\"},\"inLanguage\":\"de\",\"potentialAction\":[{\"@type\":\"ReadAction\",\"target\":[\"https:\/\/pathologosthermi.gr\/de\/klinikdienste\/pathologische-dienstleistungen\/praeventivmedizin\/\"]}]},{\"@type\":\"ImageObject\",\"inLanguage\":\"de\",\"@id\":\"https:\/\/pathologosthermi.gr\/de\/klinikdienste\/pathologische-dienstleistungen\/praeventivmedizin\/#primaryimage\",\"url\":\"https:\/\/pathologosthermi.gr\/wp-content\/themes\/francesca\/assets\/images\/starter\/3to2u002du002da.png?ver=v1.2.11\",\"contentUrl\":\"https:\/\/pathologosthermi.gr\/wp-content\/themes\/francesca\/assets\/images\/starter\/3to2u002du002da.png?ver=v1.2.11\"},{\"@type\":\"BreadcrumbList\",\"@id\":\"https:\/\/pathologosthermi.gr\/de\/klinikdienste\/pathologische-dienstleistungen\/praeventivmedizin\/#breadcrumb\",\"itemListElement\":[{\"@type\":\"ListItem\",\"position\":1,\"name\":\"Home\",\"item\":\"https:\/\/pathologosthermi.gr\/de\/\"},{\"@type\":\"ListItem\",\"position\":2,\"name\":\"Klinikdienste\",\"item\":\"https:\/\/pathologosthermi.gr\/de\/klinikdienste\/\"},{\"@type\":\"ListItem\",\"position\":3,\"name\":\"Leistungen der Innere Medizin\",\"item\":\"https:\/\/pathologosthermi.gr\/de\/klinikdienste\/pathologische-dienstleistungen\/\"},{\"@type\":\"ListItem\",\"position\":4,\"name\":\"Pr\u00e4ventivmedizin\"}]},{\"@type\":\"WebSite\",\"@id\":\"https:\/\/pathologosthermi.gr\/de\/#website\",\"url\":\"https:\/\/pathologosthermi.gr\/de\/\",\"name\":\"\u0391\u03bd\u03b1\u03b3\u03bd\u03ce\u03c3\u03c4\u03bf\u03c5 \u039e\u03b1\u03bd\u03b8\u03ae\",\"description\":\"\u0395\u03b9\u03b4\u03b9\u03ba\u03cc\u03c2 \u03a0\u03b1\u03b8\u03bf\u03bb\u03cc\u03b3\u03bf\u03c2 \u0398\u03ad\u03c1\u03bc\u03b7 \u0398\u03b5\u03c3\u03c3\u03b1\u03bb\u03bf\u03bd\u03af\u03ba\u03b7\u03c2\",\"publisher\":{\"@id\":\"https:\/\/pathologosthermi.gr\/de\/#organization\"},\"potentialAction\":[{\"@type\":\"SearchAction\",\"target\":{\"@type\":\"EntryPoint\",\"urlTemplate\":\"https:\/\/pathologosthermi.gr\/de\/?s={search_term_string}\"},\"query-input\":{\"@type\":\"PropertyValueSpecification\",\"valueRequired\":true,\"valueName\":\"search_term_string\"}}],\"inLanguage\":\"de\"},{\"@type\":\"Organization\",\"@id\":\"https:\/\/pathologosthermi.gr\/de\/#organization\",\"name\":\"\u0391\u03bd\u03b1\u03b3\u03bd\u03ce\u03c3\u03c4\u03bf\u03c5 \u039e\u03b1\u03bd\u03b8\u03ae\",\"url\":\"https:\/\/pathologosthermi.gr\/de\/\",\"logo\":{\"@type\":\"ImageObject\",\"inLanguage\":\"de\",\"@id\":\"https:\/\/pathologosthermi.gr\/de\/#\/schema\/logo\/image\/\",\"url\":\"https:\/\/pathologosthermi.gr\/wp-content\/uploads\/2025\/03\/drxanthi-logo1.png\",\"contentUrl\":\"https:\/\/pathologosthermi.gr\/wp-content\/uploads\/2025\/03\/drxanthi-logo1.png\",\"width\":600,\"height\":120,\"caption\":\"\u0391\u03bd\u03b1\u03b3\u03bd\u03ce\u03c3\u03c4\u03bf\u03c5 \u039e\u03b1\u03bd\u03b8\u03ae\"},\"image\":{\"@id\":\"https:\/\/pathologosthermi.gr\/de\/#\/schema\/logo\/image\/\"}}]}<\/script>\n<!-- \/ Yoast SEO plugin. -->","yoast_head_json":{"title":"Pr\u00e4ventivmedizin | \u0391\u03bd\u03b1\u03b3\u03bd\u03ce\u03c3\u03c4\u03bf\u03c5 \u039e\u03b1\u03bd\u03b8\u03ae","robots":{"index":"index","follow":"follow","max-snippet":"max-snippet:-1","max-image-preview":"max-image-preview:large","max-video-preview":"max-video-preview:-1"},"canonical":"https:\/\/pathologosthermi.gr\/de\/klinikdienste\/pathologische-dienstleistungen\/praeventivmedizin\/","og_locale":"de_DE","og_type":"article","og_title":"Pr\u00e4ventivmedizin | \u0391\u03bd\u03b1\u03b3\u03bd\u03ce\u03c3\u03c4\u03bf\u03c5 \u039e\u03b1\u03bd\u03b8\u03ae","og_description":"Die Pr\u00e4ventivmedizin stellt einen Grundpfeiler f\u00fcr den Erhalt der Gesundheit und die fr\u00fchzeitige Erkennung m\u00f6glicher Erkrankungen dar. Mit einer individuellen Herangehensweise und wissenschaftlicher Sorgfalt zielen Vorsorgeuntersuchungen und klinische Untersuchungen nicht nur darauf&hellip; Continue reading&hellip;","og_url":"https:\/\/pathologosthermi.gr\/de\/klinikdienste\/pathologische-dienstleistungen\/praeventivmedizin\/","og_site_name":"\u0391\u03bd\u03b1\u03b3\u03bd\u03ce\u03c3\u03c4\u03bf\u03c5 \u039e\u03b1\u03bd\u03b8\u03ae","article_modified_time":"2026-03-18T10:36:07+00:00","twitter_card":"summary_large_image","twitter_misc":{"Gesch\u00e4tzte Lesezeit":"1\u00a0Minute"},"schema":{"@context":"https:\/\/schema.org","@graph":[{"@type":"WebPage","@id":"https:\/\/pathologosthermi.gr\/de\/klinikdienste\/pathologische-dienstleistungen\/praeventivmedizin\/","url":"https:\/\/pathologosthermi.gr\/de\/klinikdienste\/pathologische-dienstleistungen\/praeventivmedizin\/","name":"Pr\u00e4ventivmedizin | \u0391\u03bd\u03b1\u03b3\u03bd\u03ce\u03c3\u03c4\u03bf\u03c5 \u039e\u03b1\u03bd\u03b8\u03ae","isPartOf":{"@id":"https:\/\/pathologosthermi.gr\/de\/#website"},"primaryImageOfPage":{"@id":"https:\/\/pathologosthermi.gr\/de\/klinikdienste\/pathologische-dienstleistungen\/praeventivmedizin\/#primaryimage"},"image":{"@id":"https:\/\/pathologosthermi.gr\/de\/klinikdienste\/pathologische-dienstleistungen\/praeventivmedizin\/#primaryimage"},"thumbnailUrl":"https:\/\/pathologosthermi.gr\/wp-content\/themes\/francesca\/assets\/images\/starter\/3to2u002du002da.png?ver=v1.2.11","datePublished":"2026-01-14T11:04:49+00:00","dateModified":"2026-03-18T10:36:07+00:00","breadcrumb":{"@id":"https:\/\/pathologosthermi.gr\/de\/klinikdienste\/pathologische-dienstleistungen\/praeventivmedizin\/#breadcrumb"},"inLanguage":"de","potentialAction":[{"@type":"ReadAction","target":["https:\/\/pathologosthermi.gr\/de\/klinikdienste\/pathologische-dienstleistungen\/praeventivmedizin\/"]}]},{"@type":"ImageObject","inLanguage":"de","@id":"https:\/\/pathologosthermi.gr\/de\/klinikdienste\/pathologische-dienstleistungen\/praeventivmedizin\/#primaryimage","url":"https:\/\/pathologosthermi.gr\/wp-content\/themes\/francesca\/assets\/images\/starter\/3to2u002du002da.png?ver=v1.2.11","contentUrl":"https:\/\/pathologosthermi.gr\/wp-content\/themes\/francesca\/assets\/images\/starter\/3to2u002du002da.png?ver=v1.2.11"},{"@type":"BreadcrumbList","@id":"https:\/\/pathologosthermi.gr\/de\/klinikdienste\/pathologische-dienstleistungen\/praeventivmedizin\/#breadcrumb","itemListElement":[{"@type":"ListItem","position":1,"name":"Home","item":"https:\/\/pathologosthermi.gr\/de\/"},{"@type":"ListItem","position":2,"name":"Klinikdienste","item":"https:\/\/pathologosthermi.gr\/de\/klinikdienste\/"},{"@type":"ListItem","position":3,"name":"Leistungen der Innere Medizin","item":"https:\/\/pathologosthermi.gr\/de\/klinikdienste\/pathologische-dienstleistungen\/"},{"@type":"ListItem","position":4,"name":"Pr\u00e4ventivmedizin"}]},{"@type":"WebSite","@id":"https:\/\/pathologosthermi.gr\/de\/#website","url":"https:\/\/pathologosthermi.gr\/de\/","name":"\u0391\u03bd\u03b1\u03b3\u03bd\u03ce\u03c3\u03c4\u03bf\u03c5 \u039e\u03b1\u03bd\u03b8\u03ae","description":"\u0395\u03b9\u03b4\u03b9\u03ba\u03cc\u03c2 \u03a0\u03b1\u03b8\u03bf\u03bb\u03cc\u03b3\u03bf\u03c2 \u0398\u03ad\u03c1\u03bc\u03b7 \u0398\u03b5\u03c3\u03c3\u03b1\u03bb\u03bf\u03bd\u03af\u03ba\u03b7\u03c2","publisher":{"@id":"https:\/\/pathologosthermi.gr\/de\/#organization"},"potentialAction":[{"@type":"SearchAction","target":{"@type":"EntryPoint","urlTemplate":"https:\/\/pathologosthermi.gr\/de\/?s={search_term_string}"},"query-input":{"@type":"PropertyValueSpecification","valueRequired":true,"valueName":"search_term_string"}}],"inLanguage":"de"},{"@type":"Organization","@id":"https:\/\/pathologosthermi.gr\/de\/#organization","name":"\u0391\u03bd\u03b1\u03b3\u03bd\u03ce\u03c3\u03c4\u03bf\u03c5 \u039e\u03b1\u03bd\u03b8\u03ae","url":"https:\/\/pathologosthermi.gr\/de\/","logo":{"@type":"ImageObject","inLanguage":"de","@id":"https:\/\/pathologosthermi.gr\/de\/#\/schema\/logo\/image\/","url":"https:\/\/pathologosthermi.gr\/wp-content\/uploads\/2025\/03\/drxanthi-logo1.png","contentUrl":"https:\/\/pathologosthermi.gr\/wp-content\/uploads\/2025\/03\/drxanthi-logo1.png","width":600,"height":120,"caption":"\u0391\u03bd\u03b1\u03b3\u03bd\u03ce\u03c3\u03c4\u03bf\u03c5 \u039e\u03b1\u03bd\u03b8\u03ae"},"image":{"@id":"https:\/\/pathologosthermi.gr\/de\/#\/schema\/logo\/image\/"}}]}},"_links":{"self":[{"href":"https:\/\/pathologosthermi.gr\/de\/wp-json\/wp\/v2\/pages\/2943","targetHints":{"allow":["GET"]}}],"collection":[{"href":"https:\/\/pathologosthermi.gr\/de\/wp-json\/wp\/v2\/pages"}],"about":[{"href":"https:\/\/pathologosthermi.gr\/de\/wp-json\/wp\/v2\/types\/page"}],"author":[{"embeddable":true,"href":"https:\/\/pathologosthermi.gr\/de\/wp-json\/wp\/v2\/users\/1"}],"replies":[{"embeddable":true,"href":"https:\/\/pathologosthermi.gr\/de\/wp-json\/wp\/v2\/comments?post=2943"}],"version-history":[{"count":3,"href":"https:\/\/pathologosthermi.gr\/de\/wp-json\/wp\/v2\/pages\/2943\/revisions"}],"predecessor-version":[{"id":3330,"href":"https:\/\/pathologosthermi.gr\/de\/wp-json\/wp\/v2\/pages\/2943\/revisions\/3330"}],"up":[{"embeddable":true,"href":"https:\/\/pathologosthermi.gr\/de\/wp-json\/wp\/v2\/pages\/2917"}],"wp:attachment":[{"href":"https:\/\/pathologosthermi.gr\/de\/wp-json\/wp\/v2\/media?parent=2943"}],"curies":[{"name":"wp","href":"https:\/\/api.w.org\/{rel}","templated":true}]}}