{"id":2931,"date":"2026-01-14T13:17:37","date_gmt":"2026-01-14T11:17:37","guid":{"rendered":"https:\/\/pathologosthermi.gr\/klinikdienste\/pathologische-dienstleistungen\/chronische-krankheiten\/"},"modified":"2026-03-18T12:53:22","modified_gmt":"2026-03-18T10:53:22","slug":"chronische-krankheiten","status":"publish","type":"page","link":"https:\/\/pathologosthermi.gr\/de\/klinikdienste\/pathologische-dienstleistungen\/chronische-krankheiten\/","title":{"rendered":"Chronische Erkrankungen"},"content":{"rendered":"\n<div class=\"wp-block-cover alignfull has-custom-content-position is-position-bottom-center is-light\" style=\"padding-bottom:90px;min-height:475px;aspect-ratio:unset;\"><img decoding=\"async\" class=\"wp-block-cover__image-background wp-image-999999\" alt=\"\" src=\"https:\/\/pathologosthermi.gr\/wp-content\/themes\/francesca\/assets\/images\/starter\/3to2u002du002da.png?ver=v1.2.11\" style=\"object-position:50% 100%\" data-object-fit=\"cover\" data-object-position=\"50% 100%\"\/><span aria-hidden=\"true\" class=\"wp-block-cover__background has-background-dim-100 has-background-dim wp-block-cover__gradient-background has-background-gradient has-circle-right-gradient-background\"><\/span><div class=\"wp-block-cover__inner-container is-layout-flow wp-block-cover-is-layout-flow\">\n<h1 class=\"wp-block-heading has-text-align-center has-text-color has-link-color has-heading-3-font-size wp-elements-46232fac0ecc146e6e2920f3ca854970\" style=\"color:#001e4a\">Chronische<br\/>Erkrankungen<\/h1>\n<\/div><\/div>\n\n<div class=\"wp-block-group alignfull is-style-blob-top has-black-color has-white-background-color has-text-color has-background\" style=\"padding-top:40px;padding-bottom:0px\"><div class=\"wp-block-group__inner-container is-layout-flow wp-block-group-is-layout-flow\"><div class=\"alignwide-wrap\" data-block=\"columns\">\n<div class=\"wp-block-columns alignwide is-style-no-margin-vertical\">\n<div class=\"wp-block-column is-style-no-margin-vertical\">\n<div class=\"wp-block-columns are-vertically-aligned-top is-style-no-margin-vertical\" style=\"border-style:none;border-width:0px\">\n<div class=\"wp-block-column is-vertically-aligned-top is-style-default\" style=\"flex-basis:900px\">\n<p class=\"has-text-align-center\">In unserer Praxis bieten wir eine <strong>umfassende medizinische Betreuung<\/strong> zur Pr\u00e4vention, \u00dcberwachung und Behandlung chronischer Erkrankungen, die eine systematische \u00e4rztliche Begleitung und langfristige Pflege erfordern. Eine sorgf\u00e4ltige Einstellung dieser Erkrankungen tr\u00e4gt entscheidend zum Erhalt der Gesundheit und zur Verbesserung der Lebensqualit\u00e4t bei.<\/p>\n\n\n\n<p class=\"has-text-align-center\">Wir \u00fcbernehmen die <strong>Diagnose und Kontrolle<\/strong> von Bluthochdruck, Dyslipid\u00e4mie, Diabetes mellitus und Adipositas \u2013 Erkrankungen, die h\u00e4ufig gemeinsam auftreten und das kardiovaskul\u00e4re Risiko erh\u00f6hen. Basierend auf der individuellen Krankengeschichte, der klinischen Untersuchung und den Laborbefunden erstellen wir personalisierte Behandlungspl\u00e4ne, die auf die Bed\u00fcrfnisse jedes einzelnen Patienten abgestimmt sind.<\/p>\n\n\n\n<p class=\"has-text-align-center\">Unser Ansatz umfasst sowohl medikament\u00f6se Therapien, sofern notwendig, als auch fundierte Beratung zu Ern\u00e4hrung, k\u00f6rperlicher Aktivit\u00e4t und Lebensstil\u00e4nderungen. Besonderes Augenmerk legen wir auf die Pr\u00e4vention von Komplikationen, die richtige Information des Patienten sowie auf eine langfristige Betreuung mit regelm\u00e4\u00dfigen Nachkontrollen.<\/p>\n\n\n\n<p class=\"has-text-align-center\">Unser Ziel ist die stabile Einstellung chronischer Erkrankungen, die St\u00e4rkung des Patienten im Umgang mit seiner Gesundheit und der Aufbau einer vertrauensvollen Arzt-Patienten-Beziehung, die auf kontinuierlicher medizinischer Unterst\u00fctzung und F\u00fcrsorge basiert.<\/p>\n<\/div>\n<\/div>\n<\/div>\n<\/div>\n<\/div><\/div><\/div>\n\n<div style=\"height:80px\" aria-hidden=\"true\" class=\"wp-block-spacer\"><\/div>\n<div class=\"alignwide-wrap\" data-block=\"group\">\n<div class=\"wp-block-group alignwide has-white-color has-circle-right-gradient-background has-text-color has-background\" style=\"border-radius:60px;padding-top:90px;padding-right:6%;padding-bottom:60px;padding-left:6%\"><div class=\"wp-block-group__inner-container is-layout-flow wp-container-core-group-is-layout-d7869b8e wp-block-group-is-layout-flow\"><div class=\"alignwide-wrap\" data-block=\"columns\">\n<div class=\"wp-block-columns alignwide are-vertically-aligned-center\">\n<div class=\"wp-block-column is-vertically-aligned-center\" style=\"flex-basis:30%\">\n<div class=\"wp-block-buttons is-layout-flex wp-block-buttons-is-layout-flex\">\n<div class=\"wp-block-button has-custom-width wp-block-button__width-100\"><a class=\"wp-block-button__link has-black-color has-white-background-color has-text-color has-background has-m-font-size has-custom-font-size wp-element-button\" href=\"https:\/\/pathologosthermi.gr\/de\/kommunikation\/\">Termin buchen<\/a><\/div>\n<\/div>\n<\/div>\n<\/div>\n<\/div><\/div>\n<\/div><\/div>\n<div style=\"height:100px\" aria-hidden=\"true\" class=\"wp-block-spacer\"><\/div>\n","protected":false},"excerpt":{"rendered":"<div class=\"entry-summary\">\nIn unserer Praxis bieten wir eine umfassende medizinische Betreuung zur Pr\u00e4vention, \u00dcberwachung und Behandlung chronischer Erkrankungen, die eine systematische \u00e4rztliche Begleitung und langfristige Pflege erfordern. Eine sorgf\u00e4ltige Einstellung dieser Erkrankungen tr\u00e4gt entscheidend&hellip;\n<\/div>\n<div class=\"link-more-container\"><a href=\"https:\/\/pathologosthermi.gr\/de\/klinikdienste\/pathologische-dienstleistungen\/chronische-krankheiten\/\" class=\"link-more button\" aria-label=\"Continue reading Chronische Erkrankungen\">Continue reading&hellip;<\/a><\/div>\n","protected":false},"author":1,"featured_media":0,"parent":2917,"menu_order":40,"comment_status":"closed","ping_status":"closed","template":"templates\/no-intro.php","meta":{"inline_featured_image":false,"footnotes":""},"class_list":["post-2931","page","type-page","status-publish","hentry","entry","entry-type-page"],"yoast_head":"<!-- This site is optimized with the Yoast SEO plugin v27.2 - https:\/\/yoast.com\/product\/yoast-seo-wordpress\/ -->\n<title>Chronische Erkrankungen | \u0391\u03bd\u03b1\u03b3\u03bd\u03ce\u03c3\u03c4\u03bf\u03c5 \u039e\u03b1\u03bd\u03b8\u03ae<\/title>\n<meta name=\"robots\" content=\"index, follow, max-snippet:-1, max-image-preview:large, max-video-preview:-1\" \/>\n<link rel=\"canonical\" href=\"https:\/\/pathologosthermi.gr\/de\/klinikdienste\/pathologische-dienstleistungen\/chronische-krankheiten\/\" \/>\n<meta property=\"og:locale\" content=\"de_DE\" \/>\n<meta property=\"og:type\" content=\"article\" \/>\n<meta property=\"og:title\" content=\"Chronische Erkrankungen | \u0391\u03bd\u03b1\u03b3\u03bd\u03ce\u03c3\u03c4\u03bf\u03c5 \u039e\u03b1\u03bd\u03b8\u03ae\" \/>\n<meta property=\"og:description\" content=\"In unserer Praxis bieten wir eine umfassende medizinische Betreuung zur Pr\u00e4vention, \u00dcberwachung und Behandlung chronischer Erkrankungen, die eine systematische \u00e4rztliche Begleitung und langfristige Pflege erfordern. Eine sorgf\u00e4ltige Einstellung dieser Erkrankungen tr\u00e4gt entscheidend&hellip; Continue reading&hellip;\" \/>\n<meta property=\"og:url\" content=\"https:\/\/pathologosthermi.gr\/de\/klinikdienste\/pathologische-dienstleistungen\/chronische-krankheiten\/\" \/>\n<meta property=\"og:site_name\" content=\"\u0391\u03bd\u03b1\u03b3\u03bd\u03ce\u03c3\u03c4\u03bf\u03c5 \u039e\u03b1\u03bd\u03b8\u03ae\" \/>\n<meta property=\"article:modified_time\" content=\"2026-03-18T10:53:22+00:00\" \/>\n<meta name=\"twitter:card\" content=\"summary_large_image\" \/>\n<meta name=\"twitter:label1\" content=\"Gesch\u00e4tzte Lesezeit\" \/>\n\t<meta name=\"twitter:data1\" content=\"1\u00a0Minute\" \/>\n<script type=\"application\/ld+json\" class=\"yoast-schema-graph\">{\"@context\":\"https:\/\/schema.org\",\"@graph\":[{\"@type\":\"WebPage\",\"@id\":\"https:\/\/pathologosthermi.gr\/de\/klinikdienste\/pathologische-dienstleistungen\/chronische-krankheiten\/\",\"url\":\"https:\/\/pathologosthermi.gr\/de\/klinikdienste\/pathologische-dienstleistungen\/chronische-krankheiten\/\",\"name\":\"Chronische Erkrankungen | \u0391\u03bd\u03b1\u03b3\u03bd\u03ce\u03c3\u03c4\u03bf\u03c5 \u039e\u03b1\u03bd\u03b8\u03ae\",\"isPartOf\":{\"@id\":\"https:\/\/pathologosthermi.gr\/de\/#website\"},\"primaryImageOfPage\":{\"@id\":\"https:\/\/pathologosthermi.gr\/de\/klinikdienste\/pathologische-dienstleistungen\/chronische-krankheiten\/#primaryimage\"},\"image\":{\"@id\":\"https:\/\/pathologosthermi.gr\/de\/klinikdienste\/pathologische-dienstleistungen\/chronische-krankheiten\/#primaryimage\"},\"thumbnailUrl\":\"https:\/\/pathologosthermi.gr\/wp-content\/themes\/francesca\/assets\/images\/starter\/3to2u002du002da.png?ver=v1.2.11\",\"datePublished\":\"2026-01-14T11:17:37+00:00\",\"dateModified\":\"2026-03-18T10:53:22+00:00\",\"breadcrumb\":{\"@id\":\"https:\/\/pathologosthermi.gr\/de\/klinikdienste\/pathologische-dienstleistungen\/chronische-krankheiten\/#breadcrumb\"},\"inLanguage\":\"de\",\"potentialAction\":[{\"@type\":\"ReadAction\",\"target\":[\"https:\/\/pathologosthermi.gr\/de\/klinikdienste\/pathologische-dienstleistungen\/chronische-krankheiten\/\"]}]},{\"@type\":\"ImageObject\",\"inLanguage\":\"de\",\"@id\":\"https:\/\/pathologosthermi.gr\/de\/klinikdienste\/pathologische-dienstleistungen\/chronische-krankheiten\/#primaryimage\",\"url\":\"https:\/\/pathologosthermi.gr\/wp-content\/themes\/francesca\/assets\/images\/starter\/3to2u002du002da.png?ver=v1.2.11\",\"contentUrl\":\"https:\/\/pathologosthermi.gr\/wp-content\/themes\/francesca\/assets\/images\/starter\/3to2u002du002da.png?ver=v1.2.11\"},{\"@type\":\"BreadcrumbList\",\"@id\":\"https:\/\/pathologosthermi.gr\/de\/klinikdienste\/pathologische-dienstleistungen\/chronische-krankheiten\/#breadcrumb\",\"itemListElement\":[{\"@type\":\"ListItem\",\"position\":1,\"name\":\"Home\",\"item\":\"https:\/\/pathologosthermi.gr\/de\/\"},{\"@type\":\"ListItem\",\"position\":2,\"name\":\"Klinikdienste\",\"item\":\"https:\/\/pathologosthermi.gr\/de\/klinikdienste\/\"},{\"@type\":\"ListItem\",\"position\":3,\"name\":\"Leistungen der Innere Medizin\",\"item\":\"https:\/\/pathologosthermi.gr\/de\/klinikdienste\/pathologische-dienstleistungen\/\"},{\"@type\":\"ListItem\",\"position\":4,\"name\":\"Chronische Erkrankungen\"}]},{\"@type\":\"WebSite\",\"@id\":\"https:\/\/pathologosthermi.gr\/de\/#website\",\"url\":\"https:\/\/pathologosthermi.gr\/de\/\",\"name\":\"\u0391\u03bd\u03b1\u03b3\u03bd\u03ce\u03c3\u03c4\u03bf\u03c5 \u039e\u03b1\u03bd\u03b8\u03ae\",\"description\":\"\u0395\u03b9\u03b4\u03b9\u03ba\u03cc\u03c2 \u03a0\u03b1\u03b8\u03bf\u03bb\u03cc\u03b3\u03bf\u03c2 \u0398\u03ad\u03c1\u03bc\u03b7 \u0398\u03b5\u03c3\u03c3\u03b1\u03bb\u03bf\u03bd\u03af\u03ba\u03b7\u03c2\",\"publisher\":{\"@id\":\"https:\/\/pathologosthermi.gr\/de\/#organization\"},\"potentialAction\":[{\"@type\":\"SearchAction\",\"target\":{\"@type\":\"EntryPoint\",\"urlTemplate\":\"https:\/\/pathologosthermi.gr\/de\/?s={search_term_string}\"},\"query-input\":{\"@type\":\"PropertyValueSpecification\",\"valueRequired\":true,\"valueName\":\"search_term_string\"}}],\"inLanguage\":\"de\"},{\"@type\":\"Organization\",\"@id\":\"https:\/\/pathologosthermi.gr\/de\/#organization\",\"name\":\"\u0391\u03bd\u03b1\u03b3\u03bd\u03ce\u03c3\u03c4\u03bf\u03c5 \u039e\u03b1\u03bd\u03b8\u03ae\",\"url\":\"https:\/\/pathologosthermi.gr\/de\/\",\"logo\":{\"@type\":\"ImageObject\",\"inLanguage\":\"de\",\"@id\":\"https:\/\/pathologosthermi.gr\/de\/#\/schema\/logo\/image\/\",\"url\":\"https:\/\/pathologosthermi.gr\/wp-content\/uploads\/2025\/03\/drxanthi-logo1.png\",\"contentUrl\":\"https:\/\/pathologosthermi.gr\/wp-content\/uploads\/2025\/03\/drxanthi-logo1.png\",\"width\":600,\"height\":120,\"caption\":\"\u0391\u03bd\u03b1\u03b3\u03bd\u03ce\u03c3\u03c4\u03bf\u03c5 \u039e\u03b1\u03bd\u03b8\u03ae\"},\"image\":{\"@id\":\"https:\/\/pathologosthermi.gr\/de\/#\/schema\/logo\/image\/\"}}]}<\/script>\n<!-- \/ Yoast SEO plugin. -->","yoast_head_json":{"title":"Chronische Erkrankungen | \u0391\u03bd\u03b1\u03b3\u03bd\u03ce\u03c3\u03c4\u03bf\u03c5 \u039e\u03b1\u03bd\u03b8\u03ae","robots":{"index":"index","follow":"follow","max-snippet":"max-snippet:-1","max-image-preview":"max-image-preview:large","max-video-preview":"max-video-preview:-1"},"canonical":"https:\/\/pathologosthermi.gr\/de\/klinikdienste\/pathologische-dienstleistungen\/chronische-krankheiten\/","og_locale":"de_DE","og_type":"article","og_title":"Chronische Erkrankungen | \u0391\u03bd\u03b1\u03b3\u03bd\u03ce\u03c3\u03c4\u03bf\u03c5 \u039e\u03b1\u03bd\u03b8\u03ae","og_description":"In unserer Praxis bieten wir eine umfassende medizinische Betreuung zur Pr\u00e4vention, \u00dcberwachung und Behandlung chronischer Erkrankungen, die eine systematische \u00e4rztliche Begleitung und langfristige Pflege erfordern. Eine sorgf\u00e4ltige Einstellung dieser Erkrankungen tr\u00e4gt entscheidend&hellip; Continue reading&hellip;","og_url":"https:\/\/pathologosthermi.gr\/de\/klinikdienste\/pathologische-dienstleistungen\/chronische-krankheiten\/","og_site_name":"\u0391\u03bd\u03b1\u03b3\u03bd\u03ce\u03c3\u03c4\u03bf\u03c5 \u039e\u03b1\u03bd\u03b8\u03ae","article_modified_time":"2026-03-18T10:53:22+00:00","twitter_card":"summary_large_image","twitter_misc":{"Gesch\u00e4tzte Lesezeit":"1\u00a0Minute"},"schema":{"@context":"https:\/\/schema.org","@graph":[{"@type":"WebPage","@id":"https:\/\/pathologosthermi.gr\/de\/klinikdienste\/pathologische-dienstleistungen\/chronische-krankheiten\/","url":"https:\/\/pathologosthermi.gr\/de\/klinikdienste\/pathologische-dienstleistungen\/chronische-krankheiten\/","name":"Chronische Erkrankungen | \u0391\u03bd\u03b1\u03b3\u03bd\u03ce\u03c3\u03c4\u03bf\u03c5 \u039e\u03b1\u03bd\u03b8\u03ae","isPartOf":{"@id":"https:\/\/pathologosthermi.gr\/de\/#website"},"primaryImageOfPage":{"@id":"https:\/\/pathologosthermi.gr\/de\/klinikdienste\/pathologische-dienstleistungen\/chronische-krankheiten\/#primaryimage"},"image":{"@id":"https:\/\/pathologosthermi.gr\/de\/klinikdienste\/pathologische-dienstleistungen\/chronische-krankheiten\/#primaryimage"},"thumbnailUrl":"https:\/\/pathologosthermi.gr\/wp-content\/themes\/francesca\/assets\/images\/starter\/3to2u002du002da.png?ver=v1.2.11","datePublished":"2026-01-14T11:17:37+00:00","dateModified":"2026-03-18T10:53:22+00:00","breadcrumb":{"@id":"https:\/\/pathologosthermi.gr\/de\/klinikdienste\/pathologische-dienstleistungen\/chronische-krankheiten\/#breadcrumb"},"inLanguage":"de","potentialAction":[{"@type":"ReadAction","target":["https:\/\/pathologosthermi.gr\/de\/klinikdienste\/pathologische-dienstleistungen\/chronische-krankheiten\/"]}]},{"@type":"ImageObject","inLanguage":"de","@id":"https:\/\/pathologosthermi.gr\/de\/klinikdienste\/pathologische-dienstleistungen\/chronische-krankheiten\/#primaryimage","url":"https:\/\/pathologosthermi.gr\/wp-content\/themes\/francesca\/assets\/images\/starter\/3to2u002du002da.png?ver=v1.2.11","contentUrl":"https:\/\/pathologosthermi.gr\/wp-content\/themes\/francesca\/assets\/images\/starter\/3to2u002du002da.png?ver=v1.2.11"},{"@type":"BreadcrumbList","@id":"https:\/\/pathologosthermi.gr\/de\/klinikdienste\/pathologische-dienstleistungen\/chronische-krankheiten\/#breadcrumb","itemListElement":[{"@type":"ListItem","position":1,"name":"Home","item":"https:\/\/pathologosthermi.gr\/de\/"},{"@type":"ListItem","position":2,"name":"Klinikdienste","item":"https:\/\/pathologosthermi.gr\/de\/klinikdienste\/"},{"@type":"ListItem","position":3,"name":"Leistungen der Innere Medizin","item":"https:\/\/pathologosthermi.gr\/de\/klinikdienste\/pathologische-dienstleistungen\/"},{"@type":"ListItem","position":4,"name":"Chronische Erkrankungen"}]},{"@type":"WebSite","@id":"https:\/\/pathologosthermi.gr\/de\/#website","url":"https:\/\/pathologosthermi.gr\/de\/","name":"\u0391\u03bd\u03b1\u03b3\u03bd\u03ce\u03c3\u03c4\u03bf\u03c5 \u039e\u03b1\u03bd\u03b8\u03ae","description":"\u0395\u03b9\u03b4\u03b9\u03ba\u03cc\u03c2 \u03a0\u03b1\u03b8\u03bf\u03bb\u03cc\u03b3\u03bf\u03c2 \u0398\u03ad\u03c1\u03bc\u03b7 \u0398\u03b5\u03c3\u03c3\u03b1\u03bb\u03bf\u03bd\u03af\u03ba\u03b7\u03c2","publisher":{"@id":"https:\/\/pathologosthermi.gr\/de\/#organization"},"potentialAction":[{"@type":"SearchAction","target":{"@type":"EntryPoint","urlTemplate":"https:\/\/pathologosthermi.gr\/de\/?s={search_term_string}"},"query-input":{"@type":"PropertyValueSpecification","valueRequired":true,"valueName":"search_term_string"}}],"inLanguage":"de"},{"@type":"Organization","@id":"https:\/\/pathologosthermi.gr\/de\/#organization","name":"\u0391\u03bd\u03b1\u03b3\u03bd\u03ce\u03c3\u03c4\u03bf\u03c5 \u039e\u03b1\u03bd\u03b8\u03ae","url":"https:\/\/pathologosthermi.gr\/de\/","logo":{"@type":"ImageObject","inLanguage":"de","@id":"https:\/\/pathologosthermi.gr\/de\/#\/schema\/logo\/image\/","url":"https:\/\/pathologosthermi.gr\/wp-content\/uploads\/2025\/03\/drxanthi-logo1.png","contentUrl":"https:\/\/pathologosthermi.gr\/wp-content\/uploads\/2025\/03\/drxanthi-logo1.png","width":600,"height":120,"caption":"\u0391\u03bd\u03b1\u03b3\u03bd\u03ce\u03c3\u03c4\u03bf\u03c5 \u039e\u03b1\u03bd\u03b8\u03ae"},"image":{"@id":"https:\/\/pathologosthermi.gr\/de\/#\/schema\/logo\/image\/"}}]}},"_links":{"self":[{"href":"https:\/\/pathologosthermi.gr\/de\/wp-json\/wp\/v2\/pages\/2931","targetHints":{"allow":["GET"]}}],"collection":[{"href":"https:\/\/pathologosthermi.gr\/de\/wp-json\/wp\/v2\/pages"}],"about":[{"href":"https:\/\/pathologosthermi.gr\/de\/wp-json\/wp\/v2\/types\/page"}],"author":[{"embeddable":true,"href":"https:\/\/pathologosthermi.gr\/de\/wp-json\/wp\/v2\/users\/1"}],"replies":[{"embeddable":true,"href":"https:\/\/pathologosthermi.gr\/de\/wp-json\/wp\/v2\/comments?post=2931"}],"version-history":[{"count":2,"href":"https:\/\/pathologosthermi.gr\/de\/wp-json\/wp\/v2\/pages\/2931\/revisions"}],"predecessor-version":[{"id":3346,"href":"https:\/\/pathologosthermi.gr\/de\/wp-json\/wp\/v2\/pages\/2931\/revisions\/3346"}],"up":[{"embeddable":true,"href":"https:\/\/pathologosthermi.gr\/de\/wp-json\/wp\/v2\/pages\/2917"}],"wp:attachment":[{"href":"https:\/\/pathologosthermi.gr\/de\/wp-json\/wp\/v2\/media?parent=2931"}],"curies":[{"name":"wp","href":"https:\/\/api.w.org\/{rel}","templated":true}]}}